{"id":69,"date":"2016-05-09T14:16:39","date_gmt":"2016-05-09T14:16:39","guid":{"rendered":"http:\/\/127.0.0.1\/rcm\/sp\/asuntos-academicos\/programas-academicos\/doctorado-en-salud-publica-drph-con-especialidad-en-determinantes-sociales-de-la-salud\/"},"modified":"2026-02-17T16:38:23","modified_gmt":"2026-02-17T16:38:23","slug":"doctorado-en-salud-publica-drph-con-especialidad-en-determinantes-sociales-de-la-salud","status":"publish","type":"page","link":"https:\/\/rcm1.rcm.upr.edu\/sp\/doctorado-en-salud-publica-drph-con-especialidad-en-determinantes-sociales-de-la-salud\/","title":{"rendered":"Doctorado en Salud P\u00fablica (DrPH) con Especialidad en Determinantes Sociales de la Salud"},"content":{"rendered":"<section class=\"wpb-content-wrapper\"><p>[vc_row][vc_column][vc_column_text]<\/p>\n<h4><strong>\u00bfQu\u00e9 es un Doctorado en Salud P\u00fablica con Especialidad en Determinantes Sociales de la Salud?<\/strong><\/h4>\n<p>&nbsp;<\/p>\n<p>El Doctorado en Salud P\u00fablica (DrPH) con Especialidad en Determinantes Sociales de la Salud (DSS) es un programa con una duraci\u00f3n de cuatro (4) a\u00f1os que tiene como eje las cinco disciplinas medulares de la salud p\u00fablica (Bioestad\u00edstica, Epidemiolog\u00eda, Ciencias Sociales\/Conductuales, Salud Ambiental y la Administraci\u00f3n de Servicios de Salud). Esta especialidad doctoral es \u00fanica donde su contenido curricular est\u00e1 dirigido espec\u00edficamente a estudiar las inequidades y la desigualdad dentro de los determinantes sociales de la salud. Este programa dirige su foco de atenci\u00f3n hacia el estudio de las condiciones sociales relacionadas con donde vive y trabaja la gente, por consiguiente, est\u00e1 enmarcado en el \u00e1rea medular de la Salud P\u00fablica que tiene que ver con las Ciencias Sociales.<\/p>\n<p>&nbsp;<\/p>\n<h4><strong>\u00bfCu\u00e1l es la misi\u00f3n del programa?<\/strong><\/h4>\n<p>&nbsp;<\/p>\n<p>La especialidad doctoral de DSS procura preparar profesionales de la salud p\u00fablica con una base de conocimiento y pr\u00e1ctica s\u00f3lida en cuanto a teor\u00edas, modelos y resultados producto de la investigaci\u00f3n m\u00e1s reciente concerniente al papel que ejercen los procesos sociales, pol\u00edticos y econ\u00f3micos sobre la salud de las personas, las comunidades y las poblaciones. \u00a0Una persona egresada del DrPH en DSS estar\u00e1 preparada para evaluar, proponer, abogar, participar activamente y dirigir acciones orientadas a la transformaci\u00f3n de los procesos sociales y las condiciones que afectan las oportunidades para la salud y el vivir bien m\u00e1s all\u00e1 de las caracter\u00edsticas m\u00e9dicas y conductuales de las personas y las comunidades en Puerto Rico y otros pa\u00edses. Las personas egresadas de este programa podr\u00e1n optar por desarrollarse en una carrera en \u00e1reas que tienen que ver con la formulaci\u00f3n y an\u00e1lisis de pol\u00edtica p\u00fablica, al igual que abogar y ser l\u00edderes y lideresas en la promoci\u00f3n de la salud con un fuerte compromiso con los valores de equidad y justicia social.<\/p>\n<p>&nbsp;<\/p>\n<h4><strong>\u00bfCu\u00e1les son los requisitos generales de admisi\u00f3n?<\/strong><\/h4>\n<p>&nbsp;<\/p>\n<p>&nbsp;<\/p>\n<ol>\n<li>Poseer un grado de maestr\u00eda en las disciplinas ofrecidas en escuelas de salud p\u00fablica reconocidas por agencias de acreditaci\u00f3n a nivel nacional e internacional. Tambi\u00e9n se considerar\u00e1n candidatos que posean grados de maestr\u00eda en otras disciplinas si han aprobado un curso graduado en: bioestad\u00edstica o estad\u00edstica, inferencia estad\u00edstica, epidemiolog\u00eda y un curso introductorio en salud p\u00fablica.<\/li>\n<li>Es requisito de admisi\u00f3n de todas las especialidades del Doctorado en Salud P\u00fablica (DrPH) haber aprobado un curso de nivel graduado en inferencia estad\u00edstica. El programa doctoral no eximir\u00e1 a estudiante alguno de tomar cursos medulares o de especialidad que sean parte del grado. Esto aplica todas las especialidades del Programa Doctoral.<\/li>\n<li>Tener un promedio m\u00ednimo de 3.00 (de una escala m\u00e1xima de 4.00) o su equivalente en el grado de maestr\u00eda. Los solicitantes deben obtener un \u00edndice compuesto de admisi\u00f3n de 75% o m\u00e1s, de acuerdo con la f\u00f3rmula de admisi\u00f3n de la Escuela Graduada de Salud P\u00fablica de la Universidad de Puerto Rico.<\/li>\n<li>Poseer los requisitos espec\u00edficos del programa.<\/li>\n<li>Poseer dominio del idioma espa\u00f1ol. Se requiere, adem\u00e1s, habilidad para leer y comprender el idioma ingl\u00e9s.<\/li>\n<li>Poseer experiencia en docencia, investigaci\u00f3n o servicio en el campo de la salud p\u00fablica.<\/li>\n<li>Es altamente recomendable que los candidatos a admisi\u00f3n tengan conocimientos, destrezas y literacia en computadoras y sus aplicaciones en estudios graduados.<\/li>\n<li>Es altamente recomendable que tengan destrezas en programados de computadoras como MS Word, MS Excel, MS Power Point y al menos un programa estad\u00edstico como STATA, EPI-INFO, SYSTAT, SAS o SPSS.<\/li>\n<\/ol>\n<p>&nbsp;<\/p>\n<p>&nbsp;<\/p>\n<h4><strong>\u00bfCu\u00e1les son los requisitos espec\u00edficos de admisi\u00f3n de la especialidad en Determinantes Sociales de la Salud?<\/strong><\/h4>\n<p>&nbsp;<\/p>\n<p>1. Haber aprobado con una calificaci\u00f3n de B o m\u00e1s un curso de inferencia estad\u00edstica previo a ser admitido o admitida al programa doctoral.<\/p>\n<p>2. Presentar una solicitud de admisi\u00f3n, acompa\u00f1ada con los siguientes documentos:<\/p>\n<ul>\n<li>Copia Oficial de las transcripciones de cr\u00e9dito de todos los estudios anteriores del solicitante (subgraduado y graduado).<\/li>\n<li>Curriculum Vitae.<\/li>\n<li>Tres (3) cartas de recomendaci\u00f3n que incluya una del asesor o asesora de tesis de maestr\u00eda de la persona solicitante. Del asesor o asesora de tesis no estar disponible, la persona solicitante debe proveer informaci\u00f3n adicional de dos (2) profesores o profesoras, para ser contactados, que puedan comentar sobre sus cualificaciones para la realizaci\u00f3n de estudios graduados.<\/li>\n<\/ul>\n<p>4. Escribir un ensayo de 5 a 7 p\u00e1ginas describiendo su inter\u00e9s en los determinantes sociales de la salud, su experiencia en abogac\u00eda, investigaci\u00f3n, docencia y servicio a favor de la promoci\u00f3n y protecci\u00f3n de la salud p\u00fablica; y un posible proyecto de profundizaci\u00f3n que interesa desarrollar en sus estudios de ser admitido(a) a la especialidad. (<a href=\"https:\/\/rcm1.rcm.upr.edu\/sp\/wp-content\/uploads\/2022\/03\/Reclutamiento-de-estudiantes-GetFileAttachment.pdf\" target=\"_blank\" rel=\"noopener\">acceder formato aqu\u00ed<\/a>)<\/p>\n<p>5. Asistir a una entrevista. El d\u00eda de la entrevista el solicitante realizar\u00e1 otros trabajos (lectura y presentaci\u00f3n de art\u00edculo profesional, o escritura de ensayo) como parte del proceso de admisi\u00f3n.<\/p>\n<p>&nbsp;<\/p>\n<p><span style=\"color: #000000;\"><em><span style=\"color: #000000;\"><strong>La solicitud de admisi\u00f3n para el a\u00f1o 2026-2027 estar\u00e1 disponible del 1 de septiembre de 2025 al 31 de marzo de 2026.<\/strong> Para solicitar a este programa pulse el siguiente enlace: <\/span><a style=\"color: #000000;\" href=\"https:\/\/sp.rcm.upr.edu\/asuntos-estudiantiles\/admisiones\/proceso-de-solicitud-a-la-escuela\" target=\"_blank\" rel=\"noopener\">Proceso de solicitud a la Escuela Graduada de Salud P\u00fablica<\/a><\/em><\/span><\/p>\n<p>&nbsp;<\/p>\n<p><img loading=\"lazy\" decoding=\"async\" class=\"size-full wp-image-5048 aligncenter\" src=\"https:\/\/rcm1.rcm.upr.edu\/sp\/wp-content\/uploads\/2024\/01\/imageedit_4_4267133521.png\" alt=\"\" width=\"715\" height=\"243\" \/><\/p>\n<p>&nbsp;<\/p>\n<h4><strong>\u00bfQu\u00e9 oportunidad de empleo tienen los egresados del programa doctoral?<\/strong><\/h4>\n<p>&nbsp;<\/p>\n<p>El \u00e9nfasis del DrPH en DSS radica en el desarrollo de conocimiento transdisciplinario relacionado a los determinantes sociales de la salud mediante el liderazgo cient\u00edfico y profesional trasladando este conocimiento hacia intervenciones efectivas en el \u00e1rea de la salud. Las personas egresadas pueden tambi\u00e9n interconectarse con \u00e1reas tales como: planificaci\u00f3n urbana, pol\u00edtica p\u00fablica, abogac\u00eda, organizaci\u00f3n comunitaria, comunicaciones, salud comprensiva, trabajo social y sustentabilidad social, entre otras.<\/p>\n<p>Aquellas personas que obtengan el grado pueden ocupar puestos de liderato para ejercer influencia en investigaci\u00f3n en salud p\u00fablica, pol\u00edtica p\u00fablica, programas, sistemas e instituciones. Este liderato puede ser ejercido en una serie de ambientes a nivel internacional, nacional, estatal, o local tanto en el sector p\u00fablico, privado o acad\u00e9mico. \u00a0No obstante, la persona egresada puede esperar quedarse en su profesi\u00f3n actual y desarrollar an\u00e1lisis en asuntos de salud desde una perspectiva m\u00e1s amplia, con mayor profundidad con un nuevo conjunto de conocimiento, destrezas y actitudes desarrolladas en el programa.<\/p>\n<p>&nbsp;<\/p>\n<h4><strong>\u00bfCu\u00e1les son los requisitos para obtener el doctorado?<\/strong><\/h4>\n<p>&nbsp;<\/p>\n<p>Todo estudiante debe haber completado 57 cr\u00e9ditos con un promedio m\u00ednimo de 3.00 (en una escala de 4.00), tener un promedio m\u00ednimo de 3.00 en los cursos de la especialidad y mantener progreso acad\u00e9mico consistente con las pol\u00edticas de la Escuela Graduada de Salud P\u00fablica. Adem\u00e1s, debe haber completado satisfactoriamente el examen comprensivo, as\u00ed como la defensa oral de su propuesta de disertaci\u00f3n y de su disertaci\u00f3n doctoral. Por \u00faltimo, debe haber completado satisfactoriamente 200 horas de experiencia pr\u00e1ctica.<\/p>\n<p>El Doctorado en Salud P\u00fablica con especialidad en Determinantes Sociales de la Salud es un programa dise\u00f1ado para completarse en 5 a\u00f1os. Los cursos requisitos comenzar\u00e1n a partir de las 5:00 pm. Se podr\u00eda requerir completar el internado de 200 horas en horario diurno.<\/p>\n<p>Para m\u00e1s informaci\u00f3n puede comunicarse con el Dr. Juan Negr\u00f3n Ayala, coordinador del programa a trav\u00e9s de <a href=\"mailto:juan.negron12@upr.edu\" target=\"_blank\" rel=\"noopener\">juan.negron12@upr.edu<\/a>.<\/p>\n<p>&nbsp;<\/p>\n<h4>Cursos Requeridos Para Obtener el Grado<\/h4>\n<p>&nbsp;<\/p>\n<p>&nbsp;<\/p>\n<h5>TOTAL DE CR\u00c9DITOS TRIMESTRALES: 57 + 200 horas<\/h5>\n<p>&nbsp;<\/p>\n<p><strong>Tiempo m\u00ednimo para completar el grado: 4 a\u00f1os<\/strong><\/p>\n<p>&nbsp;<\/p>\n<table width=\"666\">\n<thead>\n<tr>\n<td width=\"546\">\n<h5 style=\"text-align: center;\">C\u00f3digo y Nombre de Curso \/ Course Code and Title<\/h5>\n<\/td>\n<td width=\"120\">\n<h5 style=\"text-align: center;\"><strong>Cr\u00e9ditos\/<em>Credits<\/em><\/strong><\/h5>\n<\/td>\n<\/tr>\n<\/thead>\n<tbody>\n<tr>\n<td width=\"546\">SALP 8005 Seminario de Promoci\u00f3n de la Salud \/ <em>Health Promotion Seminar<\/em><\/td>\n<td width=\"120\">\n<p style=\"text-align: center;\">2<\/p>\n<\/td>\n<\/tr>\n<tr>\n<td width=\"546\">BIOE 8005 M\u00e9todos Avanzados en Bioestad\u00edstica\u00a0\/ <em>Advanced Methods in Biostatistics<\/em><\/td>\n<td width=\"120\">\n<p style=\"text-align: center;\">3<\/p>\n<\/td>\n<\/tr>\n<tr>\n<td width=\"546\">EPID 8002 M\u00e9todos Avanzados en Epidemiolog\u00eda\u00a0\/ <em>Advanced Methods in Epidemiology<\/em><\/td>\n<td width=\"120\">\n<p style=\"text-align: center;\">3<\/p>\n<\/td>\n<\/tr>\n<tr>\n<td width=\"546\">CISO 8005 Cultura, Desigualdad Social y Salud Comunitaria \/ <em>Culture, Social Inequity, and Community Health<\/em><\/td>\n<td width=\"120\">\n<p style=\"text-align: center;\">3<\/p>\n<\/td>\n<\/tr>\n<tr>\n<td width=\"546\">SALP 8106 Enfoques de Dise\u00f1o de Investigaci\u00f3n en Salud P\u00fablica \/ <em>Research Design Approaches for Public Health<\/em><\/td>\n<td width=\"120\">\n<p style=\"text-align: center;\">3<\/p>\n<\/td>\n<\/tr>\n<tr>\n<td width=\"546\">ADSS 8011 Sistemas y Pol\u00edticas de Salud \/ <em>Health Systems and Policy<\/em><\/td>\n<td width=\"120\">\n<p style=\"text-align: center;\">3<\/p>\n<\/td>\n<\/tr>\n<tr>\n<td width=\"546\">ADSS 8105 Seminario Aplicado de Liderazgo en Salud P\u00fablica \/ <em>Applied Public Health Leadership Seminar<\/em><\/td>\n<td width=\"120\">\n<p style=\"text-align: center;\">2<\/p>\n<\/td>\n<\/tr>\n<tr>\n<td width=\"546\">ADSS 8008 Planificaci\u00f3n y Gerencia Estrat\u00e9gica de Sistemas de Salud\u00a0\/ <em>Health Systems Planning and Strategic Management<\/em><\/td>\n<td width=\"120\">\n<p style=\"text-align: center;\">3<\/p>\n<\/td>\n<\/tr>\n<tr>\n<td width=\"546\">SAAM 8027 Salud P\u00fablica Ambiental de Comunidades Urbanas \/ <em>Environmental Public Health of Urban Communities<\/em><\/td>\n<td width=\"120\">\n<p style=\"text-align: center;\">2<\/p>\n<\/td>\n<\/tr>\n<tr>\n<td width=\"546\">SALP 8026 El L\u00edder de Salud P\u00fablica como Educador \/ <em>Public Health Leader as Educator<\/em><\/td>\n<td width=\"120\">\n<p style=\"text-align: center;\">3<\/p>\n<\/td>\n<\/tr>\n<tr>\n<td width=\"546\">DESS 8011 Seminario Graduado en Determinantes Sociales de la Salud I \/ <em>Social Determinants of Health Graduate Seminar I<\/em><\/td>\n<td width=\"120\">\n<p style=\"text-align: center;\">1<\/p>\n<\/td>\n<\/tr>\n<tr>\n<td width=\"546\">DESS 8012 Seminario Graduado en Determinantes Sociales de la Salud II \/ <em>Social Determinants of Health Graduate Seminar II<\/em><\/td>\n<td width=\"120\">\n<p style=\"text-align: center;\">2<\/p>\n<\/td>\n<\/tr>\n<tr>\n<td width=\"546\">DESS 8105 Teor\u00eda Social y Salud P\u00fablica \/ <em>Social Theory and Public Health<\/em><\/td>\n<td width=\"120\">\n<p style=\"text-align: center;\">3<\/p>\n<\/td>\n<\/tr>\n<tr>\n<td width=\"546\">DESS 8201 M\u00e9todos Cualitativos en Determinantes Sociales de la Salud\u00a0\/ <em>Qualitative Methods in Social Determinants of Health<\/em><\/td>\n<td width=\"120\">\n<p style=\"text-align: center;\">3<\/p>\n<\/td>\n<\/tr>\n<tr>\n<td width=\"546\">DESS 8202 Medici\u00f3n y Argumentaci\u00f3n Estad\u00edstica en Determinantes Sociales de la Salud\u00a0\/ Statistical<em> Measurement and Argumentation in Social Determinants of Health<\/em><\/td>\n<td width=\"120\">\n<p style=\"text-align: center;\">3<\/p>\n<\/td>\n<\/tr>\n<tr>\n<td width=\"546\">DESS 8206 Desarrollo Comunitario y Acci\u00f3n los Determinantes Sociales de la Salud \/ <em>Community Building and Action on the Social Determinants of Health<\/em><\/td>\n<td width=\"120\">\n<p style=\"text-align: center;\">3<\/p>\n<\/td>\n<\/tr>\n<tr>\n<td width=\"546\">DESS 8208 Econom\u00eda Pol\u00edtica de la Salud \/ <em>Political Economy of Health<\/em><\/td>\n<td width=\"120\">\n<p style=\"text-align: center;\">3<\/p>\n<\/td>\n<\/tr>\n<tr>\n<td width=\"546\">DESS 8305 An\u00e1lisis de Pol\u00edticas Sociales y de Salud \/ <em>Health and Social Policy Analysis<\/em><\/td>\n<td width=\"120\">\n<p style=\"text-align: center;\">3<\/p>\n<\/td>\n<\/tr>\n<tr>\n<td width=\"546\">SALP 8006 Experiencia Doctoral en Pr\u00e1ctica Aplicada en Salud P\u00fablica\u00a0\/ <em>Doctoral Applied Practice Experience in Public Health<\/em><\/td>\n<td width=\"120\">\n<p style=\"text-align: center;\">0 (200 horas\/hours)<\/p>\n<\/td>\n<\/tr>\n<tr>\n<td width=\"546\">DESS 8198 Propuesta de Doctorado en Determinantes Sociales de la Salud \/ <em>D<\/em><em>octoral Proposal in Social Determinants of Health<\/em><\/td>\n<td width=\"120\">\n<p style=\"text-align: center;\">3<\/p>\n<\/td>\n<\/tr>\n<tr>\n<td width=\"546\">DESS 8199 Disertaci\u00f3n de Doctorado en Determinantes Sociales de la Salud \/ <em>Doctoral Dissertation in Social Determinants of Health<\/em><\/td>\n<td width=\"120\">\n<p style=\"text-align: center;\">3<\/p>\n<\/td>\n<\/tr>\n<tr>\n<td width=\"546\">Electivas \/ <em>Electives<\/em><\/td>\n<td width=\"120\">\n<p style=\"text-align: center;\">3<\/p>\n<\/td>\n<\/tr>\n<tr>\n<td width=\"546\">\n<h5>TOTAL<\/h5>\n<\/td>\n<td width=\"120\">\n<h5 style=\"text-align: center;\">57 + 200 horas\/hours<\/h5>\n<\/td>\n<\/tr>\n<\/tbody>\n<\/table>\n<h4><\/h4>\n<p>&nbsp;<\/p>\n<h4>Modelo de Competencias de la Especialidad<\/h4>\n<table width=\"618\">\n<tbody>\n<tr>\n<td width=\"294\">\n<h5 style=\"text-align: center;\"><strong><em>DrPH en Determinantes Sociales de la Salud<\/em><\/strong><\/h5>\n<\/td>\n<td width=\"324\">\n<h5 style=\"text-align: center;\"><strong><em>DrPH Social Determinant of Health<\/em><\/strong><\/h5>\n<\/td>\n<\/tr>\n<tr>\n<td width=\"294\">Evaluar los problemas emergentes de salud p\u00fablica mediante el examen cr\u00edtico de los discursos de salud p\u00fablica y las pr\u00e1cticas hist\u00f3ricas para promover el avance de la equidad en salud.<\/td>\n<td width=\"324\"><em>Evaluate emergent public health problems through the critical examination of public health discourses and historical practices to advance health equity.\u00a0 <\/em><\/td>\n<\/tr>\n<tr>\n<td width=\"294\">Aplicar teor\u00edas sociales, econom\u00eda pol\u00edtica y an\u00e1lisis intersectorial para abordar temas de salud p\u00fablica en diversos escenarios.<\/td>\n<td width=\"324\"><em>Apply social theories, political economy and intersectoral analysis to address public health issues in diverse scenarios.\u00a0<\/em><\/td>\n<\/tr>\n<tr>\n<td width=\"294\">Aplicar modelos y estrategias de desarrollo y organizaci\u00f3n comunitaria en asuntos relacionados con los determinantes sociales de la salud.<\/td>\n<td width=\"324\"><em>Apply community building and organization models and strategies for social determinants of health issues. <\/em><\/td>\n<\/tr>\n<tr>\n<td width=\"294\">Utilizar diversos enfoques metodol\u00f3gicos en la investigaci\u00f3n para divulgar y abordar el impacto de los determinantes sociales de la salud en el proceso de formulaci\u00f3n de pol\u00edticas.<\/td>\n<td width=\"324\"><em>Use research from diverse methodological approaches to disclose and address the impact of social determinants of health on the policy making process.<\/em><\/td>\n<\/tr>\n<tr>\n<td width=\"294\">Formular pol\u00edticas p\u00fablicas saludables para promover la salud y el bienestar de la poblaci\u00f3n desde una perspectiva de equidad y justicia social.<\/td>\n<td width=\"324\"><em>Formulate healthy public policies to promote the health and wellbeing of the population from an equity and social justice perspective.\u00a0<\/em><\/td>\n<\/tr>\n<\/tbody>\n<\/table>\n<p>&nbsp;<\/p>\n<p style=\"text-align: center;\"><a href=\"https:\/\/rcm1.rcm.upr.edu\/sp\/wp-content\/uploads\/2021\/11\/DRPH-CORE-COMPETENCY-MODEL.pdf\" target=\"_blank\" rel=\"noopener\">Pulse aqu\u00ed para acceder el modelo de competencias de fundamentos de salud p\u00fablica de todos los DrPH.<\/a><\/p>\n<p>[\/vc_column_text][\/vc_column][\/vc_row][vc_row][vc_column][vc_column_text][\/vc_column_text][\/vc_column][\/vc_row]<\/p>\n<\/section>","protected":false},"excerpt":{"rendered":"<p>[vc_row][vc_column][vc_column_text] \u00bfQu\u00e9 es un Doctorado en Salud P\u00fablica con Especialidad en Determinantes Sociales de la Salud? &nbsp; El Doctorado en Salud P\u00fablica (DrPH) con Especialidad en Determinantes Sociales de la Salud (DSS) es un programa con una duraci\u00f3n de cuatro (4) a\u00f1os que tiene como eje las cinco disciplinas medulares de la salud p\u00fablica (Bioestad\u00edstica,&hellip;<\/p>\n","protected":false},"author":1,"featured_media":0,"parent":0,"menu_order":0,"comment_status":"closed","ping_status":"closed","template":"template-microsite.php","meta":{"footnotes":""},"class_list":["post-69","page","type-page","status-publish","hentry","description-off"],"jetpack_sharing_enabled":true,"_links":{"self":[{"href":"https:\/\/rcm1.rcm.upr.edu\/sp\/wp-json\/wp\/v2\/pages\/69","targetHints":{"allow":["GET"]}}],"collection":[{"href":"https:\/\/rcm1.rcm.upr.edu\/sp\/wp-json\/wp\/v2\/pages"}],"about":[{"href":"https:\/\/rcm1.rcm.upr.edu\/sp\/wp-json\/wp\/v2\/types\/page"}],"author":[{"embeddable":true,"href":"https:\/\/rcm1.rcm.upr.edu\/sp\/wp-json\/wp\/v2\/users\/1"}],"replies":[{"embeddable":true,"href":"https:\/\/rcm1.rcm.upr.edu\/sp\/wp-json\/wp\/v2\/comments?post=69"}],"version-history":[{"count":9,"href":"https:\/\/rcm1.rcm.upr.edu\/sp\/wp-json\/wp\/v2\/pages\/69\/revisions"}],"predecessor-version":[{"id":5809,"href":"https:\/\/rcm1.rcm.upr.edu\/sp\/wp-json\/wp\/v2\/pages\/69\/revisions\/5809"}],"wp:attachment":[{"href":"https:\/\/rcm1.rcm.upr.edu\/sp\/wp-json\/wp\/v2\/media?parent=69"}],"curies":[{"name":"wp","href":"https:\/\/api.w.org\/{rel}","templated":true}]}}