{"id":71,"date":"2016-05-09T14:16:39","date_gmt":"2016-05-09T14:16:39","guid":{"rendered":"http:\/\/127.0.0.1\/rcm\/sp\/asuntos-academicos\/programas-academicos\/doctorado-en-salud-publica-drph-con-especialidad-en-salud-ambiental\/"},"modified":"2026-02-17T16:44:56","modified_gmt":"2026-02-17T16:44:56","slug":"doctorado-en-salud-publica-drph-con-especialidad-en-salud-ambiental","status":"publish","type":"page","link":"https:\/\/rcm1.rcm.upr.edu\/sp\/doctorado-en-salud-publica-drph-con-especialidad-en-salud-ambiental\/","title":{"rendered":"Doctorado en Salud P\u00fablica (DrPH) con Especialidad en Salud Ambiental"},"content":{"rendered":"<section class=\"wpb-content-wrapper\"><p>[vc_row][vc_column][vc_column_text]<\/p>\n<h4>\u00bfQu\u00e9 es un Doctorado en Salud P\u00fablica con Especialidad en Salud Ambiental?<\/h4>\n<p>&nbsp;<\/p>\n<p>Es un grado profesional avanzado dise\u00f1ado para estudiantes que tienen un grado de maestr\u00eda en Salud P\u00fablica (MPH) o su equivalente y que quieren ejercer como l\u00edderes una carrera profesional en el \u00e1rea de la salud p\u00fablica. El grado de DrPH con Especialidad en Salud Ambiental incorpora, a trav\u00e9s de su curr\u00edculo, el conocimiento y las destrezas necesarias para que las personas egresadas sean capaces de evaluar problemas y riesgos ambientales complejos y as\u00ed ofrecer alternativas y asesoramiento en la prevenci\u00f3n y reducci\u00f3n de los mismos. Este grado de DrPH prepara a futuros l\u00edderes en salud p\u00fablica capaces de integrar sus conocimientos y destrezas en m\u00faltiples dimensiones de las ciencias de la salud p\u00fablica desde diferentes escenarios con el fin de mejorar la salud de la poblaci\u00f3n.<\/p>\n<p>&nbsp;<\/p>\n<h4><\/h4>\n<h4><strong>\u00bfCu\u00e1l es el objetivo del programa?<\/strong><\/h4>\n<p>&nbsp;<\/p>\n<p>El objetivo del programa de Doctorado en Salud P\u00fablica con especialidad en Salud Ambiental es proveer adiestramiento de nivel avanzado en el an\u00e1lisis de toma de decisiones relacionadas con problemas de salud p\u00fablica ambiental en posiciones de liderazgo. A trav\u00e9s de la investigaci\u00f3n aplicada se contribuye a la promoci\u00f3n de la salud, la prevenci\u00f3n y el control de las enfermedades en las comunidades.<\/p>\n<p>Su enfoque es el estudio de factores ambientales, incluyendo los biol\u00f3gicos, f\u00edsicos y qu\u00edmicos, que afectan la salud de las comunidades. El Programa prepara a profesionales de la salud p\u00fablica de la m\u00e1s alta calidad a nivel doctoral para Puerto Rico, Am\u00e9rica Latina y otros pa\u00edses.<\/p>\n<p>&nbsp;<\/p>\n<h4><\/h4>\n<h4><\/h4>\n<h4><strong><em>\u00bfCu\u00e1les son los requisitos generales de admisi\u00f3n?<\/em><\/strong><\/h4>\n<p>&nbsp;<\/p>\n<p>&nbsp;<\/p>\n<ol>\n<li style=\"list-style-type: none;\">\n<ol>\n<li>Poseer un grado de maestr\u00eda en las disciplinas ofrecidas en escuelas de salud p\u00fablica reconocidas por agencias de acreditaci\u00f3n a nivel nacional e internacional. Tambi\u00e9n se considerar\u00e1n candidatos que posean grados de maestr\u00eda en otras disciplinas si han aprobado un curso graduado en: bioestad\u00edstica o estad\u00edstica, inferencia estad\u00edstica, epidemiolog\u00eda y un curso introductorio en salud p\u00fablica.<\/li>\n<li>Es requisito de admisi\u00f3n de todas las especialidades del Doctorado en Salud P\u00fablica (DrPH) haber aprobado un curso de nivel graduado en inferencia estad\u00edstica. El programa doctoral no eximir\u00e1 a estudiante alguno de tomar cursos medulares o de especialidad que sean parte del grado. Esto aplica todas las especialidades del Programa Doctoral.<\/li>\n<li>Tener un promedio m\u00ednimo de 3.00 (de una escala m\u00e1xima de 4.00) o su equivalente en el grado de maestr\u00eda. Los solicitantes deben obtener un \u00edndice compuesto de admisi\u00f3n de 75% o m\u00e1s, de acuerdo con la f\u00f3rmula de admisi\u00f3n de la Escuela Graduada de Salud P\u00fablica de la Universidad de Puerto Rico.<\/li>\n<li>Poseer los requisitos espec\u00edficos del programa.<\/li>\n<li>Poseer dominio del idioma espa\u00f1ol. Se requiere, adem\u00e1s, habilidad para leer y comprender el idioma ingl\u00e9s.<\/li>\n<li>Poseer experiencia en docencia, investigaci\u00f3n o servicio en el campo de la salud p\u00fablica.<\/li>\n<li>Es altamente recomendable tener conocimientos, destrezas y literacia en computadoras y sus aplicaciones en estudios graduados.<\/li>\n<li>Es altamente recomendable tener destrezas en programados de computadoras como MS Word, MS Excel, MS Power Point y al menos un programa estad\u00edstico como STATA, EPI-INFO, SYSTAT, SAS o SPSS.<\/li>\n<\/ol>\n<\/li>\n<\/ol>\n<p>&nbsp;<\/p>\n<h4><strong>\u00bfCu\u00e1les son los requisitos espec\u00edficos de admisi\u00f3n de la especialidad en Salud Ambiental?<\/strong><\/h4>\n<p>&nbsp;<\/p>\n<p>1. Haber aprobado al menos un curso a nivel graduado introductorio en salud ambiental con una calificaci\u00f3n de B o m\u00e1s.<br \/>\n2. Presentar una solicitud de admisi\u00f3n, acompa\u00f1ada con los siguientes documentos:<\/p>\n<ul>\n<li>\u00a0Copia Oficial de las transcripciones de cr\u00e9dito de todos los estudios anteriores del solicitante (subgraduado y graduado).<\/li>\n<li>\u00a0Resume \u00f3 Curriculum Vitae.<\/li>\n<li>Tres (3) cartas de recomendaci\u00f3n. Al menos una de las tres recomendaciones debe ser de alg\u00fan profesor o profesora que pueda comentar sobre sus cualificaciones como estudiante a nivel graduado. Las cartas de recomendaci\u00f3n deben tener el logo o timbre de la entidad u organizaci\u00f3n donde labora la persona que hace la recomendaci\u00f3n, as\u00ed como su firma.<\/li>\n<\/ul>\n<p>3. Escribir un ensayo utilizando un procesador de palabras. El formato de esta parte escrita de la evaluaci\u00f3n puede variar (<a href=\"https:\/\/rcm1.rcm.upr.edu\/sp\/wp-content\/uploads\/2024\/09\/Instrucciones-ensayo-2025-DrPH-SAAM.pdf\" target=\"_blank\" rel=\"noopener\">acceder formato aqu\u00ed<\/a>).<br \/>\n4. Asistir a una entrevista con el Comit\u00e9 de Admisiones del Programa Doctoral.<\/p>\n<p>&nbsp;<\/p>\n<h4>\u00bfCu\u00e1les son los requisitos para obtener el doctorado?<\/h4>\n<p>&nbsp;<\/p>\n<p>Todo estudiante debe haber completado 55 cr\u00e9ditos con un promedio m\u00ednimo de 3.00 (en una escala de 4.00), tener un promedio m\u00ednimo de 3.00 en los cursos de la especialidad y mantener progreso acad\u00e9mico consistente con las pol\u00edticas de la Escuela Graduada de Salud P\u00fablica. Adem\u00e1s, debe haber completado satisfactoriamente el examen comprensivo, as\u00ed como la defensa de su propuesta de disertaci\u00f3n y de su disertaci\u00f3n doctoral. Por \u00faltimo, debe haber completado satisfactoriamente 200 horas de internado\/experiencia pr\u00e1ctica.<\/p>\n<p>El Doctorado en Salud P\u00fablica con especialidad en Salud Ambiental es un programa dise\u00f1ado para completarse en 5 a\u00f1os. Los cursos requisitos comenzar\u00e1n a partir de las 5:00 pm. Se podr\u00eda requerir completar el internado de 200 horas en horario diurno.<\/p>\n<p>&nbsp;<\/p>\n<h4>\u00bfQu\u00e9 oportunidad de empleo tienen los egresados del programa doctoral?<\/h4>\n<p>&nbsp;<\/p>\n<p>Los profesionales egresados del programa doctoral se desempe\u00f1ar\u00e1n en cargos a nivel directivo y realizar\u00e1n actividades tales como: formulaci\u00f3n de pol\u00edtica p\u00fablica, consultor\u00eda, investigaci\u00f3n aplicada, elaboraci\u00f3n de propuestas y, principalmente, ejercer liderato a nivel institucional en agencias, departamentos, entidades corporativas e industrias y a nivel comunitario.<\/p>\n<p>&nbsp;<\/p>\n<p><span style=\"color: #000000;\"><em><span style=\"color: #000000;\"><strong>La solicitud de admisi\u00f3n para el a\u00f1o 2026-2027 estar\u00e1 disponible del 1 de septiembre de 2025 al 31 de marzo de 2026.<\/strong> Para solicitar a este programa pulse el siguiente enlace: <\/span><a style=\"color: #000000;\" href=\"https:\/\/sp.rcm.upr.edu\/asuntos-estudiantiles\/admisiones\/proceso-de-solicitud-a-la-escuela\" target=\"_blank\" rel=\"noopener\">Proceso de solicitud a la Escuela Graduada de Salud P\u00fablica<\/a><\/em><\/span><\/p>\n<p>&nbsp;<\/p>\n<p><img loading=\"lazy\" decoding=\"async\" class=\"size-full wp-image-5026 aligncenter\" src=\"https:\/\/rcm1.rcm.upr.edu\/sp\/wp-content\/uploads\/2022\/12\/dramansilla.png\" alt=\"\" width=\"599\" height=\"219\" srcset=\"https:\/\/rcm1.rcm.upr.edu\/sp\/wp-content\/uploads\/2022\/12\/dramansilla.png 599w, https:\/\/rcm1.rcm.upr.edu\/sp\/wp-content\/uploads\/2022\/12\/dramansilla-300x110.png 300w\" sizes=\"auto, (max-width: 599px) 100vw, 599px\" \/><\/p>\n<p>&nbsp;<\/p>\n<h4><\/h4>\n<p>&nbsp;<\/p>\n<h4>\u00bfQu\u00e9 beneficios se obtienen al concluir el DrPH?<\/h4>\n<p>&nbsp;<\/p>\n<p>Las personas egresadas del Programa de Doctorado en Salud P\u00fablica con Especialidad en Salud Ambiental ser\u00e1n profesionales con el conocimiento, destrezas y actitudes que las capaciten para destacarse en posiciones de liderato en el campo de la salud ambiental; principalmente en el an\u00e1lisis y evaluaci\u00f3n de riesgos ambientales para ofrecer soluciones responsables que minimicen el potencial efecto a la salud.<\/p>\n<p>&nbsp;<\/p>\n<h4><\/h4>\n<p>&nbsp;<\/p>\n<h4>Cursos Requeridos Para Obtener el Grado del DRPH en Salud Ambiental<\/h4>\n<p>&nbsp;<\/p>\n<p>&nbsp;<\/p>\n<h4><strong>TOTAL DE CR\u00c9DITOS TRIMESTRALES: 55 + Internado de 200 horas<\/strong><\/h4>\n<p>&nbsp;<\/p>\n<h5>Tiempo m\u00ednimo para completar el grado: 5 a\u00f1os<\/h5>\n<p>&nbsp;<\/p>\n<table width=\"600\">\n<thead>\n<tr>\n<td width=\"480\">\n<h5 style=\"text-align: center;\">C\u00f3digo y Nombre de Curso \/ Course Code and Title<\/h5>\n<\/td>\n<td width=\"120\">\n<h5 style=\"text-align: center;\"><strong>Cr\u00e9ditos\/<em>Credits<\/em><\/strong><\/h5>\n<\/td>\n<\/tr>\n<\/thead>\n<tbody>\n<tr>\n<td width=\"480\">SALP 8005 Seminario de Promoci\u00f3n de la Salud \/ <em>Health Promotion Seminar<\/em><\/td>\n<td width=\"120\">\n<p style=\"text-align: center;\">2<\/p>\n<\/td>\n<\/tr>\n<tr>\n<td width=\"480\">BIOE 8005 M\u00e9todos Avanzados en Bioestad\u00edstica\u00a0\/ <em>Advanced Methods in Biostatistics<\/em><\/td>\n<td width=\"120\">\n<p style=\"text-align: center;\">3<\/p>\n<\/td>\n<\/tr>\n<tr>\n<td width=\"480\">EPID 8002 M\u00e9todos Avanzados en Epidemiolog\u00eda\u00a0\/ <em>Advanced Methods in Epidemiology<\/em><\/td>\n<td width=\"120\">\n<p style=\"text-align: center;\">3<\/p>\n<\/td>\n<\/tr>\n<tr>\n<td width=\"480\">CISO 8005 Cultura, Desigualdad Social y Salud Comunitaria \/ <em>Culture, Social Inequity, and Community Health<\/em><\/td>\n<td width=\"120\">\n<p style=\"text-align: center;\">3<\/p>\n<\/td>\n<\/tr>\n<tr>\n<td width=\"480\">SALP 8106 Enfoques de Dise\u00f1o de Investigaci\u00f3n en Salud P\u00fablica \/ <em>Research Design Approaches for Public Health<\/em><\/td>\n<td width=\"120\">\n<p style=\"text-align: center;\">3<\/p>\n<\/td>\n<\/tr>\n<tr>\n<td width=\"480\">ADSS 8011 Sistemas y Pol\u00edticas de Salud \/ <em>Health Systems and Policy<\/em><\/td>\n<td width=\"120\">\n<p style=\"text-align: center;\">3<\/p>\n<\/td>\n<\/tr>\n<tr>\n<td width=\"480\">ADSS 8105 Seminario Aplicado de Liderazgo en Salud P\u00fablica \/ <em>Applied Public Health Leadership Seminar<\/em><\/td>\n<td width=\"120\">\n<p style=\"text-align: center;\">2<\/p>\n<\/td>\n<\/tr>\n<tr>\n<td width=\"480\">ADSS 8008 Planificaci\u00f3n y Gerencia Estrat\u00e9gica de Sistemas de Salud\u00a0\/ <em>Health Systems Planning and Strategic Management<\/em><\/td>\n<td width=\"120\">\n<p style=\"text-align: center;\">3<\/p>\n<\/td>\n<\/tr>\n<tr>\n<td width=\"480\">SAAM 8027 Salud P\u00fablica Ambiental de Comunidades Urbanas \/ <em>Environmental Public Health of Urban Communities<\/em><\/td>\n<td width=\"120\">\n<p style=\"text-align: center;\">2<\/p>\n<\/td>\n<\/tr>\n<tr>\n<td width=\"480\">SALP 8026 El L\u00edder de Salud P\u00fablica como Educador \/ <em>Public Health Leader as Educator<\/em><\/td>\n<td width=\"120\">\n<p style=\"text-align: center;\">3<\/p>\n<\/td>\n<\/tr>\n<tr>\n<td width=\"480\">SAAM 8120 Cambio Clim\u00e1tico: Una Respuesta de Salud P\u00fablica\u00a0\/ <em>Changing Climate: A Public Health Response\u00a0 <\/em><\/td>\n<td width=\"120\">\n<p style=\"text-align: center;\">3<\/p>\n<\/td>\n<\/tr>\n<tr>\n<td width=\"480\">SAAM 8119 Evaluaci\u00f3n de Exposici\u00f3n en Salud P\u00fablica Ambiental \/ <em>Exposure Assessment for Environmental Public Health<\/em><\/td>\n<td width=\"120\">\n<p style=\"text-align: center;\">2<\/p>\n<\/td>\n<\/tr>\n<tr>\n<td width=\"480\">SAAM 8118 Prevenci\u00f3n y Control de Peligros Ambientales: Un Enfoque de Pensamiento Sist\u00e9mico \/ <em>Prevention and Control of Environmental Hazards: A system thinking approach<\/em><\/td>\n<td width=\"120\">\n<p style=\"text-align: center;\">3<\/p>\n<\/td>\n<\/tr>\n<tr>\n<td width=\"480\">SAAM 8017 Aval\u00fao de Riesgos a la Salud\u00a0\/ <em>Health Risk Assessment <\/em><\/td>\n<td width=\"120\">\n<p style=\"text-align: center;\">3<\/p>\n<\/td>\n<\/tr>\n<tr>\n<td width=\"480\">SAAM 8015 Cambios Globales, Salud y Legislaci\u00f3n Internacional\u00a0\/ <em>Global Changes, Health, and International Legislation <\/em><\/td>\n<td width=\"120\">\n<p style=\"text-align: center;\">3<\/p>\n<\/td>\n<\/tr>\n<tr>\n<td width=\"480\">SAAM 8016 Pol\u00edtica y Gerencia Ambiental\u00a0\/ <em>Environmental Policy and Management <\/em><\/td>\n<td width=\"120\">\n<p style=\"text-align: center;\">3<\/p>\n<\/td>\n<\/tr>\n<tr>\n<td width=\"480\">SAAM 8995 Seminario Doctoral de Investigaci\u00f3n en Salud Ambiental I\u00a0\/ <em>Environmental Health Doctoral Research Seminar I\u00a0 <\/em><\/td>\n<td width=\"120\">\n<p style=\"text-align: center;\">1<\/p>\n<\/td>\n<\/tr>\n<tr>\n<td width=\"480\">SAAM 8996 Seminario Doctoral de Investigaci\u00f3n en Salud Ambiental II\u00a0\/ <em>Environmental Health Doctoral Research Seminar II <\/em><\/td>\n<td width=\"120\">\n<p style=\"text-align: center;\">1<\/p>\n<\/td>\n<\/tr>\n<tr>\n<td width=\"480\">SALP 8006 Experiencia Doctoral en Pr\u00e1ctica Aplicada en Salud P\u00fablica\u00a0\/ <em>Doctoral Applied Practice Experience in Public Health<\/em><\/td>\n<td width=\"120\">\n<p style=\"text-align: center;\">0 (200 horas\/hours)<\/p>\n<\/td>\n<\/tr>\n<tr>\n<td width=\"480\">SAAM 8198 Propuesta de Disertaci\u00f3n en Salud Ambiental \/ <em>Dissertation Proposal in Environmental Health<\/em><\/td>\n<td width=\"120\">\n<p style=\"text-align: center;\">3<\/p>\n<\/td>\n<\/tr>\n<tr>\n<td width=\"480\">SAAM 8199 Disertaci\u00f3n de Doctorado en Salud Ambiental \/ <em>Doctoral Dissertation in Environmental Health<\/em><\/td>\n<td width=\"120\">\n<p style=\"text-align: center;\">3<\/p>\n<\/td>\n<\/tr>\n<tr>\n<td width=\"480\">Electivas \/ <em>Elec<\/em><em>tives<\/em><\/td>\n<td width=\"120\">\n<p style=\"text-align: center;\">3<\/p>\n<\/td>\n<\/tr>\n<tr>\n<td width=\"480\">\n<h5>TOTAL<\/h5>\n<\/td>\n<td width=\"120\">\n<h5 style=\"text-align: center;\">55+ 200 horas\/<em>hours<\/em><\/h5>\n<\/td>\n<\/tr>\n<\/tbody>\n<\/table>\n<h4><\/h4>\n<h4><\/h4>\n<p>&nbsp;<\/p>\n<h4>Modelo de Competencias de la Especialidad<\/h4>\n<table width=\"618\">\n<tbody>\n<tr>\n<td width=\"294\">\n<h5 style=\"text-align: center;\"><strong>DrPH en Salud Ambiental<\/strong><\/h5>\n<\/td>\n<td width=\"324\">\n<h5 style=\"text-align: center;\"><strong><em>DrPH Environmental Health<\/em><\/strong><\/h5>\n<\/td>\n<\/tr>\n<tr>\n<td width=\"294\">Comunicar asuntos de salud p\u00fablica ambiental fundamentados en principios cient\u00edficos, \u00e9ticos, de justicia ambiental y comunitarios.<\/td>\n<td width=\"324\"><em>Communicate environmental public health issues based on scientific, ethical, environmental justice, and community-based principles.<\/em><\/td>\n<\/tr>\n<tr>\n<td width=\"294\">Analizar el impacto de la legislaci\u00f3n ambiental, las opiniones judiciales, las regulaciones y las pol\u00edticas sobre la salud de la poblaci\u00f3n para influenciar en la toma de decisiones.<\/td>\n<td width=\"324\"><em>Analyze the impact of environmental legislation, judicial opinions, regulations, and policies on population health to influence decision-making.<\/em><\/td>\n<\/tr>\n<tr>\n<td width=\"294\">Dise\u00f1ar pol\u00edticas para mejorar la salud p\u00fablica ambiental.<\/td>\n<td width=\"324\"><em>Design policies to improve environmental public health issues.<\/em><\/td>\n<\/tr>\n<tr>\n<td width=\"294\">Evaluar los riesgos ambientales y el impacto de los cambios ambientales en la salud humana y comunitaria desde una perspectiva de salud p\u00fablica.<\/td>\n<td width=\"324\"><em>Evaluate environmental risks and the impact of environmental changes on human and community health from a public health perspective.<\/em><\/td>\n<\/tr>\n<tr>\n<td width=\"294\">Integrar la investigaci\u00f3n basada en evidencia sobre salud ambiental para estimular el desarrollo de programas, pol\u00edticas o sistemas que promuevan la salud y el bienestar de la poblaci\u00f3n.<\/td>\n<td width=\"324\"><em>Integrate evidence-based research on environmental health to advance programs, policies, or systems promoting population health and well-being.<\/em><\/td>\n<\/tr>\n<\/tbody>\n<\/table>\n<p>&nbsp;<\/p>\n<p style=\"text-align: center;\"><a href=\"https:\/\/rcm1.rcm.upr.edu\/sp\/wp-content\/uploads\/2021\/11\/DRPH-CORE-COMPETENCY-MODEL.pdf\" target=\"_blank\" rel=\"noopener\">Pulse aqu\u00ed para acceder el modelo de competencias de fundamentos de salud p\u00fablica de todos los DrPH.<\/a><\/p>\n<p>[\/vc_column_text][\/vc_column][\/vc_row][vc_row][vc_column][vc_column_text][\/vc_column_text][\/vc_column][\/vc_row]<\/p>\n<\/section>","protected":false},"excerpt":{"rendered":"<p>[vc_row][vc_column][vc_column_text] \u00bfQu\u00e9 es un Doctorado en Salud P\u00fablica con Especialidad en Salud Ambiental? &nbsp; Es un grado profesional avanzado dise\u00f1ado para estudiantes que tienen un grado de maestr\u00eda en Salud P\u00fablica (MPH) o su equivalente y que quieren ejercer como l\u00edderes una carrera profesional en el \u00e1rea de la salud p\u00fablica. El grado de DrPH&hellip;<\/p>\n","protected":false},"author":1,"featured_media":0,"parent":0,"menu_order":0,"comment_status":"closed","ping_status":"closed","template":"template-microsite.php","meta":{"footnotes":""},"class_list":["post-71","page","type-page","status-publish","hentry","description-off"],"jetpack_sharing_enabled":true,"_links":{"self":[{"href":"https:\/\/rcm1.rcm.upr.edu\/sp\/wp-json\/wp\/v2\/pages\/71","targetHints":{"allow":["GET"]}}],"collection":[{"href":"https:\/\/rcm1.rcm.upr.edu\/sp\/wp-json\/wp\/v2\/pages"}],"about":[{"href":"https:\/\/rcm1.rcm.upr.edu\/sp\/wp-json\/wp\/v2\/types\/page"}],"author":[{"embeddable":true,"href":"https:\/\/rcm1.rcm.upr.edu\/sp\/wp-json\/wp\/v2\/users\/1"}],"replies":[{"embeddable":true,"href":"https:\/\/rcm1.rcm.upr.edu\/sp\/wp-json\/wp\/v2\/comments?post=71"}],"version-history":[{"count":8,"href":"https:\/\/rcm1.rcm.upr.edu\/sp\/wp-json\/wp\/v2\/pages\/71\/revisions"}],"predecessor-version":[{"id":5816,"href":"https:\/\/rcm1.rcm.upr.edu\/sp\/wp-json\/wp\/v2\/pages\/71\/revisions\/5816"}],"wp:attachment":[{"href":"https:\/\/rcm1.rcm.upr.edu\/sp\/wp-json\/wp\/v2\/media?parent=71"}],"curies":[{"name":"wp","href":"https:\/\/api.w.org\/{rel}","templated":true}]}}