{"id":74,"date":"2016-05-09T14:16:39","date_gmt":"2016-05-09T14:16:39","guid":{"rendered":"http:\/\/127.0.0.1\/rcm\/sp\/asuntos-academicos\/programas-academicos\/doctorado-en-salud-publica-con-especialidad-en-analisis-de-sistemas-de-salud-y-gerencia-drph-hsam\/"},"modified":"2026-02-17T16:33:22","modified_gmt":"2026-02-17T16:33:22","slug":"doctorado-en-salud-publica-con-especialidad-en-analisis-de-sistemas-de-salud-y-gerencia-drph-hsam","status":"publish","type":"page","link":"https:\/\/rcm1.rcm.upr.edu\/sp\/doctorado-en-salud-publica-con-especialidad-en-analisis-de-sistemas-de-salud-y-gerencia-drph-hsam\/","title":{"rendered":"Doctorado en Salud P\u00fablica con Especialidad en An\u00e1lisis de Sistemas de Salud y Gerencia (DrPH HSAM)"},"content":{"rendered":"<section class=\"wpb-content-wrapper\"><p>[vc_row][vc_column][vc_column_text]<\/p>\n<h4>\u00bfQu\u00e9 es un Doctorado en Salud P\u00fablica con Especialidad en An\u00e1lisis de Sistemas de Salud y Gerencia?<\/h4>\n<p>&nbsp;<\/p>\n<p>El Doctorado en Salud P\u00fablica, a diferencia de un MPH, representa el nivel m\u00e1s avanzado de entrenamiento en la pr\u00e1ctica de la salud p\u00fablica \u00a0El DrPH en An\u00e1lisis de Sistemas de Salud y Gerencia, mediante su curr\u00edculo, \u00a0provee al estudiante el conocimiento y las destrezas necesarias para que pueda analizar y evaluar sistemas de salud mediante la toma de decisiones basadas en evidencia. \u00a0Este doctorado prepara a futuros l\u00edderes en salud p\u00fablica habr\u00e1n de influir en las pol\u00edticas, programas e instituciones mediante su actitud adem\u00e1s del conocimiento y destrezas obtenidas en el \u00e1rea de los sistemas de salud con el fin ulterior de mejorar la salud de la poblaci\u00f3n.<\/p>\n<p>&nbsp;<\/p>\n<h4>\u00bfCu\u00e1l es la misi\u00f3n del programa?<\/h4>\n<p>&nbsp;<\/p>\n<p>El programa de Doctorado en Salud P\u00fablica con Especialidad en An\u00e1lisis de Sistemas de Salud y Gerencia es un programa avanzado de educaci\u00f3n en el \u00e1rea de liderato en an\u00e1lisis de toma de decisiones \u00a0e investigaci\u00f3n aplicada en \u00a0salud p\u00fablica con el objetivo de mejorar los sistemas de salud y por consiguiente la salud p\u00fablica. \u00a0Este programa hace \u00e9nfasis en el entendimiento y la aplicaci\u00f3n del conocimiento y destrezas a la soluci\u00f3n de problemas existentes de naturaleza compleja en el campo de la salud p\u00fablica en t\u00e9rminos generales y concretamente aquellos del \u00e1mbito de la los sistemas y servicios de salud. \u00a0Con el objetivo de asegurar que los sistemas de salud sean capaces de llevar a cabo sus funciones esenciales. Este programa prepara profesionales de la salud p\u00fablica para Puerto Rico, los Estados Unidos de Norte Am\u00e9rica, y dem\u00e1s pa\u00edses con las competencias para ejercer como asesores, consultores y cualquier otro puesto que tenga que ver con el an\u00e1lisis, dise\u00f1o, planificaci\u00f3n, desarrolle, gerencia y mejoramiento de sistemas de salud.<\/p>\n<p>&nbsp;<\/p>\n<h4><strong>\u00bfCu\u00e1les son los requisitos generales de admisi\u00f3n?<\/strong><\/h4>\n<p>&nbsp;<\/p>\n<ol>\n<li>Poseer un grado de maestr\u00eda en las disciplinas ofrecidas en escuelas de salud p\u00fablica reconocidas por agencias de acreditaci\u00f3n a nivel nacional e internacional. Tambi\u00e9n se considerar\u00e1n candidatos que posean grados de maestr\u00eda en otras disciplinas si han aprobado un curso graduado en: bioestad\u00edstica o estad\u00edstica, inferencia estad\u00edstica, epidemiolog\u00eda y un curso introductorio en salud p\u00fablica.<\/li>\n<li>Es requisito de admisi\u00f3n de todas las especialidades del Doctorado en Salud P\u00fablica (DrPH) haber aprobado un curso de nivel graduado en inferencia estad\u00edstica. El programa doctoral no eximir\u00e1 a estudiante alguno de tomar cursos medulares o de especialidad que sean parte del grado. Esto aplica todas las especialidades del Programa Doctoral.<\/li>\n<li>Tener un promedio m\u00ednimo de 3.00 (de una escala m\u00e1xima de 4.00) o su equivalente en el grado de maestr\u00eda. Los solicitantes deben obtener un \u00edndice compuesto de admisi\u00f3n de 75% o m\u00e1s, de acuerdo con la f\u00f3rmula de admisi\u00f3n de la Escuela Graduada de Salud P\u00fablica de la Universidad de Puerto Rico.<\/li>\n<li>Poseer los requisitos espec\u00edficos del programa.<\/li>\n<li>Poseer dominio del idioma espa\u00f1ol. Se requiere, adem\u00e1s, habilidad para leer y comprender el idioma ingl\u00e9s.<\/li>\n<li>Poseer experiencia en docencia, investigaci\u00f3n o servicio en el campo de la salud p\u00fablica.<\/li>\n<li>Es altamente recomendable que los candidatos a admisi\u00f3n tengan conocimientos, destrezas y literacia en computadoras y sus aplicaciones en estudios graduados.<\/li>\n<li>Es altamente recomendable que tengan destrezas en programados de computadoras como MS Word, MS Excel, MS Power Point y al menos un programa estad\u00edstico como STATA, EPI-INFO, SYSTAT, SAS o SPSS.<\/li>\n<\/ol>\n<p>&nbsp;<\/p>\n<h4><strong>\u00bfCu\u00e1les son los requisitos espec\u00edficos de admisi\u00f3n de la especialidad en An\u00e1lisis de Sistemas de Salud y Gerencia?<\/strong><\/h4>\n<p>&nbsp;<\/p>\n<p>1. Haber completado los siguientes cursos prerrequisitos a nivel graduado (1) finanzas y (2) econom\u00eda antes de ser admitidos al DrPH. Cada curso prerrequisito debe ser aprobado con una calificaci\u00f3n de B o m\u00e1s.<br \/>\n2. Presentar una solicitud de admisi\u00f3n, acompa\u00f1ada con los siguientes documentos:<\/p>\n<ul>\n<li>Copia Oficial de las transcripciones de cr\u00e9dito de todos los estudios anteriores del solicitante (subgraduado y graduado).<\/li>\n<li>Resume \u00f3 Curriculum Vitae.<\/li>\n<li>Tres (3) cartas de recomendaci\u00f3n. Una de las tres recomendaciones debe ser de uno de los profesores que pueda comentar sobre sus cualificaciones como estudiante graduado. Las cartas de recomendaci\u00f3n deben tener el logo o timbre de la entidad u organizaci\u00f3n donde la persona que hace la recomendaci\u00f3n, as\u00ed como su firma. Estas cartas se deben subir a su solicitud de admisi\u00f3n en el apartado que as\u00ed lo indican.<\/li>\n<\/ul>\n<p>3. Escribir un ensayo (resumen ejecutivo de an\u00e1lisis de un art\u00edculo cient\u00edfico) utilizando un procesador de palabras el d\u00eda de la entrevista oral.<br \/>\n4. Asistir a una entrevista con el Comit\u00e9 de Admisiones del Programa Doctoral.<\/p>\n<p><span style=\"color: #000000;\"><em><span style=\"color: #000000;\"><strong>La solicitud de admisi\u00f3n para el a\u00f1o 2026-2027 estar\u00e1 disponible del 1 de septiembre de 2025 al 31 de marzo de 2026.<\/strong> Para solicitar a este programa pulse el siguiente enlace: <\/span><a style=\"color: #000000;\" href=\"https:\/\/sp.rcm.upr.edu\/asuntos-estudiantiles\/admisiones\/proceso-de-solicitud-a-la-escuela\" target=\"_blank\" rel=\"noopener\">Proceso de solicitud a la Escuela Graduada de Salud P\u00fablica<\/a><\/em><\/span><\/p>\n<p>&nbsp;<\/p>\n<p><img loading=\"lazy\" decoding=\"async\" class=\"size-full wp-image-5041 aligncenter\" src=\"https:\/\/rcm1.rcm.upr.edu\/sp\/wp-content\/uploads\/2022\/12\/drariosmota.png\" alt=\"\" width=\"640\" height=\"213\" srcset=\"https:\/\/rcm1.rcm.upr.edu\/sp\/wp-content\/uploads\/2022\/12\/drariosmota.png 640w, https:\/\/rcm1.rcm.upr.edu\/sp\/wp-content\/uploads\/2022\/12\/drariosmota-300x100.png 300w\" sizes=\"auto, (max-width: 640px) 100vw, 640px\" \/><\/p>\n<h4><\/h4>\n<h4>\u00bfQu\u00e9 oportunidad de empleo tienen los egresados del programa doctoral?<\/h4>\n<p>&nbsp;<\/p>\n<p>El programa de DrPH prepara profesionales en salud p\u00fablica con todas las competencias para desempe\u00f1arse como asesores, consultores, y en cualquier otro puesto que se relacione con el an\u00e1lisis, dise\u00f1o, planificaci\u00f3n, gerencia, desarrollo y mejoramiento de cualquier sistema de salud. Los egresados\/as de este programa pueden trabajar en escenarios variados a nivel local o nacional, en el sector p\u00fablico o privado, en organizaciones con o sin fines de lucro que se compongan de sistemas de salud y en firmas de consultores.<\/p>\n<p>&nbsp;<\/p>\n<h4>\u00bfCu\u00e1les son los requisitos para obtener el doctorado?<\/h4>\n<p>&nbsp;<\/p>\n<p>Todo estudiante debe haber completado 57 cr\u00e9ditos con un promedio m\u00ednimo de 3.00 (en una escala de 4.00), tener un promedio m\u00ednimo de 3.00 en los cursos de la especialidad y mantener progreso acad\u00e9mico consistente con las pol\u00edticas de la Escuela Graduada de Salud P\u00fablica. Adem\u00e1s, debe haber completado satisfactoriamente el examen comprensivo, as\u00ed como la defensa oral de su propuesta de disertaci\u00f3n y de su disertaci\u00f3n doctoral. Por \u00faltimo, debe haber completado satisfactoriamente 200 horas de experiencia pr\u00e1ctica.<\/p>\n<p>El Doctorado en Salud P\u00fablica con especialidad en An\u00e1lisis de Sistemas de Salud y Gerencia es un programa dise\u00f1ado para completarse en 5 a\u00f1os. Los cursos requisitos comenzar\u00e1n a partir de las 5:00 pm. Se podr\u00eda requerir completar el internado de 200 horas en horario diurno.<\/p>\n<p>&nbsp;<\/p>\n<h4><span data-ccp-props=\"{&quot;201341983&quot;:2,&quot;335551550&quot;:6,&quot;335551620&quot;:6,&quot;335559739&quot;:150,&quot;335559740&quot;:450}\">Cursos requeridos para obtener el grado <\/span><\/h4>\n<p>&nbsp;<\/p>\n<h5><b><span data-contrast=\"none\">TOTAL DE CR\u00c9DITOS TRIMESTRALES:\u00a0<\/span><\/b><b><span data-contrast=\"none\">57<\/span><\/b><b><span data-contrast=\"none\">\u00a0+\u00a0<\/span><\/b><b><span data-contrast=\"none\">2<\/span><\/b><b><span data-contrast=\"none\">00 horas<\/span><\/b><\/h5>\n<p>&nbsp;<\/p>\n<h5>Tiempo m\u00ednimo para completar el grado: 4 a\u00f1os<\/h5>\n<table width=\"588\">\n<thead>\n<tr>\n<td width=\"468\">\n<h5 style=\"text-align: center;\">C\u00f3digo y Nombre de Curso \/ Course Code and Title<\/h5>\n<\/td>\n<td width=\"120\">\n<h5 style=\"text-align: center;\"><strong>Cr\u00e9ditos\/<em>Credits<\/em><\/strong><\/h5>\n<\/td>\n<\/tr>\n<\/thead>\n<tbody>\n<tr>\n<td width=\"468\">SALP 8005 Seminario de Promoci\u00f3n de la Salud \/ <em>Health Promotion Seminar<\/em><\/td>\n<td width=\"120\">\n<p style=\"text-align: center;\">2<\/p>\n<\/td>\n<\/tr>\n<tr>\n<td width=\"468\">BIOE 8005 M\u00e9todos Avanzados en Bioestad\u00edstica\u00a0\/ <em>Advanced Methods in Biostatistics<\/em><\/td>\n<td width=\"120\">\n<p style=\"text-align: center;\">3<\/p>\n<\/td>\n<\/tr>\n<tr>\n<td width=\"468\">EPID 8002 M\u00e9todos Avanzados en Epidemiolog\u00eda\u00a0\/ <em>Advanced Methods in Epidemiology<\/em><\/td>\n<td width=\"120\">\n<p style=\"text-align: center;\">3<\/p>\n<\/td>\n<\/tr>\n<tr>\n<td width=\"468\">CISO 8005 Cultura, Desigualdad Social y Salud Comunitaria \/ <em>Culture, Social Inequity, and Community Health<\/em><\/td>\n<td width=\"120\">\n<p style=\"text-align: center;\">3<\/p>\n<\/td>\n<\/tr>\n<tr>\n<td width=\"468\">SALP 8106 Enfoques de Dise\u00f1o de Investigaci\u00f3n en Salud P\u00fablica \/ <em>Research Design Approaches for Public Health<\/em><\/td>\n<td width=\"120\">\n<p style=\"text-align: center;\">3<\/p>\n<\/td>\n<\/tr>\n<tr>\n<td width=\"468\">ADSS 8011 Sistemas y Pol\u00edticas de Salud \/ <em>Health Systems and Policy<\/em><\/td>\n<td width=\"120\">\n<p style=\"text-align: center;\">3<\/p>\n<\/td>\n<\/tr>\n<tr>\n<td width=\"468\">ADSS 8105 Seminario Aplicado de Liderazgo en Salud P\u00fablica \/ <em>Applied Public Health Leadership Seminar<\/em><\/td>\n<td width=\"120\">\n<p style=\"text-align: center;\">2<\/p>\n<\/td>\n<\/tr>\n<tr>\n<td width=\"468\">ADSS 8008 Planificaci\u00f3n y Gerencia Estrat\u00e9gica de Sistemas de Salud\u00a0\/ <em>Health Systems Planning and Strategic Management<\/em><\/td>\n<td width=\"120\">\n<p style=\"text-align: center;\">3<\/p>\n<\/td>\n<\/tr>\n<tr>\n<td width=\"468\">SAAM 8027 Salud P\u00fablica Ambiental de Comunidades Urbanas \/ <em>Environmental Public Health of Urban Communities<\/em><\/td>\n<td width=\"120\">\n<p style=\"text-align: center;\">2<\/p>\n<\/td>\n<\/tr>\n<tr>\n<td width=\"468\">SALP 8026 El L\u00edder de Salud P\u00fablica como Educador \/ <em>Public Health Leader as Educator<\/em><\/td>\n<td width=\"120\">\n<p style=\"text-align: center;\">3<\/p>\n<\/td>\n<\/tr>\n<tr>\n<td width=\"468\">ADSS 8007 Pol\u00edtica de Salud \/ <em>Health Policy<\/em><\/td>\n<td width=\"120\">\n<p style=\"text-align: center;\">3<\/p>\n<\/td>\n<\/tr>\n<tr>\n<td width=\"468\">ADSS 8010 Desarrollo Organizacional y Cambio en las Organizaciones de Servicios De Salud \/ <em>Organizational Development and Change in Health Service Organizations<\/em><\/td>\n<td width=\"120\">\n<p style=\"text-align: center;\">3<\/p>\n<\/td>\n<\/tr>\n<tr>\n<td width=\"468\">ADSS 8006 Derecho a la Salud \/ <em>Health Law<\/em><\/td>\n<td width=\"120\">\n<p style=\"text-align: center;\">3<\/p>\n<\/td>\n<\/tr>\n<tr>\n<td width=\"468\">ADSS 8206 An\u00e1lisis Econ\u00f3mico para la Gerencia de Sistemas de Salud \/ <em>Economic Analysis for Health Systems Management in Health Systems<\/em><\/td>\n<td width=\"120\">\n<p style=\"text-align: center;\">3<\/p>\n<\/td>\n<\/tr>\n<tr>\n<td width=\"468\">ADSS 8009 Medici\u00f3n de Calidad y Resultados en Sistemas de Salud \/ <em>Measurement of Quality and Outcomes in Health Systems<\/em><\/td>\n<td width=\"120\">\n<p style=\"text-align: center;\">2<\/p>\n<\/td>\n<\/tr>\n<tr>\n<td width=\"468\">ADSS 8307 Evaluaci\u00f3n de Servicios de Salud \/ <em>Health Services Evaluation<\/em><\/td>\n<td width=\"120\">\n<p style=\"text-align: center;\">2<\/p>\n<\/td>\n<\/tr>\n<tr>\n<td width=\"468\">ADSS 8205 Gerencia Financiera en Sistemas de Salud \/ <em>Financial Management in Health Systems<\/em><\/td>\n<td width=\"120\">\n<p style=\"text-align: center;\">3<\/p>\n<\/td>\n<\/tr>\n<tr>\n<td width=\"468\">ADSS 8305 Investigaci\u00f3n en Servicios de Salud \/ <em>Health Services Research<\/em><\/td>\n<td width=\"120\">\n<p style=\"text-align: center;\">2<\/p>\n<\/td>\n<\/tr>\n<tr>\n<td width=\"468\">SALP 8006 Experiencia Doctoral en Pr\u00e1ctica Aplicada en Salud P\u00fablica\u00a0\/ <em>Doctoral Applied Practice Experience in Public Health<\/em><\/td>\n<td width=\"120\">\n<p style=\"text-align: center;\">0 (200 horas\/hours)<\/p>\n<\/td>\n<\/tr>\n<tr>\n<td width=\"468\">ADSS 8306 Propuesta de Disertaci\u00f3n en An\u00e1lisis de Sistemas de Salud y Gerencia \/ <em>Dissertation Proposal in Health Systems Analysis and Management<\/em><\/td>\n<td width=\"120\">\n<p style=\"text-align: center;\">3<\/p>\n<\/td>\n<\/tr>\n<tr>\n<td width=\"468\">ADSS 8401 Disertaci\u00f3n de Doctorado en An\u00e1lisis de Sistemas de Salud y Gerencia \/ <em>Doctoral Dissertation in Health Systems Analysis and Management<\/em><\/td>\n<td width=\"120\">\n<p style=\"text-align: center;\">3<\/p>\n<\/td>\n<\/tr>\n<tr>\n<td width=\"468\">Electivas \/ <em>Electives<\/em><\/td>\n<td width=\"120\">\n<p style=\"text-align: center;\">3<\/p>\n<\/td>\n<\/tr>\n<tr>\n<td width=\"468\">\n<h5>TOTAL<\/h5>\n<\/td>\n<td width=\"120\">\n<h5 style=\"text-align: center;\">57 + 200 horas\/ hours<\/h5>\n<\/td>\n<\/tr>\n<\/tbody>\n<\/table>\n<h4><\/h4>\n<h4>Modelo de Competencias de la Especialidad<\/h4>\n<p>&nbsp;<\/p>\n<table width=\"618\">\n<tbody>\n<tr>\n<td width=\"306\">\n<h5 style=\"text-align: center;\"><strong>DrPH en An\u00e1lisis de Sistemas de Salud y Gerencia<\/strong><\/h5>\n<\/td>\n<td width=\"312\">\n<h5 style=\"text-align: center;\"><strong><em>DrPH Health System Analysis and Management<\/em><\/strong><\/h5>\n<\/td>\n<\/tr>\n<tr>\n<td width=\"306\">Utilizar las dimensiones econ\u00f3micas, financieras, sociales, legales, regulatorias, organizacionales y pol\u00edticas en la toma de decisiones con respecto a la estructura, el proceso y los resultados de los sistemas de salud p\u00fablica.<\/td>\n<td width=\"312\"><em>Uses the economic, financial, social, legal, regulatory, organizational and policy dimensions in decision making regarding structure, process, and outcomes of public health systems.<\/em><\/td>\n<\/tr>\n<tr>\n<td width=\"306\">Evaluar el impacto de los procesos de formulaci\u00f3n de pol\u00edticas de los sistemas de salud y la implementaci\u00f3n de pol\u00edticas en la salud p\u00fablica.<\/td>\n<td width=\"312\"><em>Appraises the impact of health systems policy-making processes and policy implementation in public health. <\/em><\/td>\n<\/tr>\n<tr>\n<td width=\"306\">Integrar los principios de la teor\u00eda de sistemas para el an\u00e1lisis y evaluaci\u00f3n de organizaciones de servicios de salud.<\/td>\n<td width=\"312\"><em>Integrate the principles of system theory for the analysis and evaluation of health services organizations.<\/em><\/td>\n<\/tr>\n<tr>\n<td width=\"306\">Demostrar proficiencia en la aplicaci\u00f3n de\u00a0 m\u00e9todos cuantitativos y cualitativos para la toma de decisiones del sistema de salud.<\/td>\n<td width=\"312\"><em>Demonstrates proficiency in the application of quantitative and qualitative methods for health system decision making.<\/em><\/td>\n<\/tr>\n<tr>\n<td width=\"306\">Articular el impacto de la justicia social y de las implicaciones legales, pol\u00edticas y \u00e9ticas de las alternativas de pol\u00edtica que pueden influir en la toma de decisiones del sistema de salud p\u00fablica.<\/td>\n<td width=\"312\"><em>Articulates the impact of social justice, legal, political, and ethical implications of policy options that may influence the public health system decision-making.<\/em><\/td>\n<\/tr>\n<\/tbody>\n<\/table>\n<p>&nbsp;<\/p>\n<p><a href=\"https:\/\/rcm1.rcm.upr.edu\/sp\/wp-content\/uploads\/2021\/11\/DRPH-CORE-COMPETENCY-MODEL.pdf\" target=\"_blank\" rel=\"noopener\">Pulse aqu\u00ed para acceder el modelo de competencias de fundamentos de salud p\u00fablica de todos los DrPH.<\/a>[\/vc_column_text][\/vc_column][\/vc_row]<\/p>\n<\/section>","protected":false},"excerpt":{"rendered":"<p>[vc_row][vc_column][vc_column_text] \u00bfQu\u00e9 es un Doctorado en Salud P\u00fablica con Especialidad en An\u00e1lisis de Sistemas de Salud y Gerencia? &nbsp; El Doctorado en Salud P\u00fablica, a diferencia de un MPH, representa el nivel m\u00e1s avanzado de entrenamiento en la pr\u00e1ctica de la salud p\u00fablica \u00a0El DrPH en An\u00e1lisis de Sistemas de Salud y Gerencia, mediante su&hellip;<\/p>\n","protected":false},"author":1,"featured_media":0,"parent":0,"menu_order":0,"comment_status":"closed","ping_status":"closed","template":"template-microsite.php","meta":{"footnotes":""},"class_list":["post-74","page","type-page","status-publish","hentry","description-off"],"jetpack_sharing_enabled":true,"_links":{"self":[{"href":"https:\/\/rcm1.rcm.upr.edu\/sp\/wp-json\/wp\/v2\/pages\/74","targetHints":{"allow":["GET"]}}],"collection":[{"href":"https:\/\/rcm1.rcm.upr.edu\/sp\/wp-json\/wp\/v2\/pages"}],"about":[{"href":"https:\/\/rcm1.rcm.upr.edu\/sp\/wp-json\/wp\/v2\/types\/page"}],"author":[{"embeddable":true,"href":"https:\/\/rcm1.rcm.upr.edu\/sp\/wp-json\/wp\/v2\/users\/1"}],"replies":[{"embeddable":true,"href":"https:\/\/rcm1.rcm.upr.edu\/sp\/wp-json\/wp\/v2\/comments?post=74"}],"version-history":[{"count":6,"href":"https:\/\/rcm1.rcm.upr.edu\/sp\/wp-json\/wp\/v2\/pages\/74\/revisions"}],"predecessor-version":[{"id":5803,"href":"https:\/\/rcm1.rcm.upr.edu\/sp\/wp-json\/wp\/v2\/pages\/74\/revisions\/5803"}],"wp:attachment":[{"href":"https:\/\/rcm1.rcm.upr.edu\/sp\/wp-json\/wp\/v2\/media?parent=74"}],"curies":[{"name":"wp","href":"https:\/\/api.w.org\/{rel}","templated":true}]}}