{"id":740,"date":"2016-06-02T07:01:55","date_gmt":"2016-06-02T11:01:55","guid":{"rendered":"http:\/\/127.0.0.1\/rcm\/sp\/asuntos-estudiantiles\/egresados\/"},"modified":"2025-07-03T18:06:20","modified_gmt":"2025-07-03T18:06:20","slug":"egresados","status":"publish","type":"page","link":"https:\/\/rcm1.rcm.upr.edu\/sp\/asuntos-estudiantiles\/egresados\/","title":{"rendered":"Egresados"},"content":{"rendered":"<section class=\"wpb-content-wrapper\"><p>[vc_row][vc_column][vc_column_text]La Oficina de Asuntos Estudiantiles de la Escuela Graduada de Salud P\u00fablica tiene entre sus objetivos mantener una comunicaci\u00f3n efectiva con los egresados de nuestra Escuela. Es nuestro inter\u00e9s particular establecer lazos de comunicaci\u00f3n para fomentar una colaboraci\u00f3n e integraci\u00f3n activa del ex-alumno en los diferentes proyectos, actividades curriculares y extracurriculares desarrolladas y a desarrollarse en la Facultad.<\/p>\n<p>Visita esta p\u00e1gina peri\u00f3dicamente ya que en ella encontrar\u00e1s informaci\u00f3n de actividades que se realizan de inter\u00e9s para nuestros exalumnos.<\/p>\n<p>Agradeceremos actualices tu informaci\u00f3n de contacto utilizando el formulario en esta p\u00e1gina. Eres importante para nosotros\u2026[\/vc_column_text][vc_empty_space][vc_raw_html]JTNDaWZyYW1lJTIwc3JjJTNEJTIyaHR0cHMlM0ElMkYlMkZkb2NzLmdvb2dsZS5jb20lMkZmb3JtcyUyRmQlMkYxRVBodmtnckM3LWxfYnJmM3AxeGxzXzNJZzhiNlJ6WWZtanJiNkNtel9qSSUyRnZpZXdmb3JtJTNGZW1iZWRkZWQlM0R0cnVlJTIyJTIwbWFyZ2lud2lkdGglM0QlMjIwJTIyJTIwbWFyZ2luaGVpZ2h0JTNEJTIyMCUyMiUyMHdpZHRoJTNEJTIyNTAwJTIyJTIwaGVpZ2h0JTNEJTIyMTM3NSUyMiUyMGFsbG93ZnVsbHNjcmVlbiUzRCUyMmFsbG93ZnVsbHNjcmVlbiUyMiUzRUNhcmdhbmRvLi4uJTNDJTJGaWZyYW1lJTNF[\/vc_raw_html][vc_empty_space][vc_column_text]<\/p>\n<h4>Contacto<\/h4>\n<p><strong>Dra. Yiselly V\u00e1zquez Guzm\u00e1n\u00a0<\/strong><br aria-hidden=\"true\" \/>Decana Auxiliar para Asuntos Estudiantiles<strong><br \/>\n<\/strong>Correo electr\u00f3nico: <a href=\"mailto:yiselly.vazquez@upr.edu\" target=\"_blank\" rel=\"noopener\">yiselly.vazquez@upr.edu<\/a>[\/vc_column_text][\/vc_column][\/vc_row]<\/p>\n<\/section>","protected":false},"excerpt":{"rendered":"<p>[vc_row][vc_column][vc_column_text]La Oficina de Asuntos Estudiantiles de la Escuela Graduada de Salud P\u00fablica tiene entre sus objetivos mantener una comunicaci\u00f3n efectiva con los egresados de nuestra Escuela. Es nuestro inter\u00e9s particular establecer lazos de comunicaci\u00f3n para fomentar una colaboraci\u00f3n e integraci\u00f3n activa del ex-alumno en los diferentes proyectos, actividades curriculares y extracurriculares desarrolladas y a desarrollarse&hellip;<\/p>\n","protected":false},"author":1,"featured_media":0,"parent":852,"menu_order":0,"comment_status":"closed","ping_status":"closed","template":"template-microsite.php","meta":{"footnotes":""},"class_list":["post-740","page","type-page","status-publish","hentry","description-off"],"jetpack_sharing_enabled":true,"_links":{"self":[{"href":"https:\/\/rcm1.rcm.upr.edu\/sp\/wp-json\/wp\/v2\/pages\/740","targetHints":{"allow":["GET"]}}],"collection":[{"href":"https:\/\/rcm1.rcm.upr.edu\/sp\/wp-json\/wp\/v2\/pages"}],"about":[{"href":"https:\/\/rcm1.rcm.upr.edu\/sp\/wp-json\/wp\/v2\/types\/page"}],"author":[{"embeddable":true,"href":"https:\/\/rcm1.rcm.upr.edu\/sp\/wp-json\/wp\/v2\/users\/1"}],"replies":[{"embeddable":true,"href":"https:\/\/rcm1.rcm.upr.edu\/sp\/wp-json\/wp\/v2\/comments?post=740"}],"version-history":[{"count":2,"href":"https:\/\/rcm1.rcm.upr.edu\/sp\/wp-json\/wp\/v2\/pages\/740\/revisions"}],"predecessor-version":[{"id":5764,"href":"https:\/\/rcm1.rcm.upr.edu\/sp\/wp-json\/wp\/v2\/pages\/740\/revisions\/5764"}],"up":[{"embeddable":true,"href":"https:\/\/rcm1.rcm.upr.edu\/sp\/wp-json\/wp\/v2\/pages\/852"}],"wp:attachment":[{"href":"https:\/\/rcm1.rcm.upr.edu\/sp\/wp-json\/wp\/v2\/media?parent=740"}],"curies":[{"name":"wp","href":"https:\/\/api.w.org\/{rel}","templated":true}]}}