{"id":85,"date":"2016-05-09T14:16:39","date_gmt":"2016-05-09T14:16:39","guid":{"rendered":"http:\/\/127.0.0.1\/rcm\/sp\/sobre-la-egsp\/historia-de-la-escuela-de-salud-publica\/"},"modified":"2016-05-09T14:16:39","modified_gmt":"2016-05-09T14:16:39","slug":"historia-de-la-escuela-de-salud-publica","status":"publish","type":"page","link":"https:\/\/rcm1.rcm.upr.edu\/sp\/historia-de-la-escuela-de-salud-publica\/","title":{"rendered":"Historia de la Escuela de Salud P\u00fablica"},"content":{"rendered":"<section class=\"wpb-content-wrapper\"><p>[vc_row][vc_column][vc_column_text]La Escuela de Salud P\u00fablica tuvo sus or\u00edgenes en la Escuela de Medicina Tropical, la cual se fund\u00f3 en el 1923 con el apoyo de la Fundaci\u00f3n Rockefeller y el auspicio de la Universidad de Columbia. La Escuela de Medicina Tropical surgi\u00f3 como centro de investigaci\u00f3n y de estudios post graduados.<\/p>\n<p>&nbsp;<\/p>\n<p>En el 1941, a petici\u00f3n del <a title=\"Departamento de Salud de Puerto Rico\" href=\"http:\/\/www.salud.gov.pr\/\" target=\"_blank\" rel=\"noopener noreferrer\">Departamento de Salud<\/a>, la Escuela de Medicina Tropical desarroll\u00f3 cursos graduados en el campo de la salud p\u00fablica. Los primeros cursos desarrollados fueron en el \u00e1rea de ingenier\u00eda sanitaria, conducente a la Maestr\u00eda en Ciencias Sanitarias, respondiendo a las necesidades existentes de personal especializado en esta \u00e1rea. Posteriormente, fueron desarrollados los programas de Maestr\u00eda en Salud P\u00fablica, Maestr\u00eda en Educaci\u00f3n en Salud y Maestr\u00eda en Enfermer\u00eda de Salud P\u00fablica.<\/p>\n<p>&nbsp;<\/p>\n<p>El 15 de mayo de 1949, mediante la ley p\u00fablica n\u00famero 378, se autoriz\u00f3 la creaci\u00f3n de la <a title=\"Escuela de Medicina de la Universidad de Puerto Rico\" href=\"https:\/\/md.rcm.upr.edu\/\" target=\"_blank\" rel=\"noopener noreferrer\">Escuela de Medicina<\/a> de la <a title=\"Universidad de Puerto Rico\" href=\"https:\/\/sp.rcm.upr.edu\/historia-de-la-escuela-de-salud-publica\/\" target=\"_blank\" rel=\"noopener noreferrer\">Universidad de Puerto Rico<\/a>. La Escuela fue organizada y comenz\u00f3 operaciones en el oto\u00f1o de 1950.<\/p>\n<p>&nbsp;<\/p>\n<p>El Departamento de Medicina Preventiva y Salud P\u00fablica fue parte de la Escuela de Medicina desde su comienzo ofreciendo cursos en medicina preventiva y salud p\u00fablica a estudiantes de medicina. En el a\u00f1o 1955, el Departamento de Medicina Preventiva y Salud P\u00fablica fue acreditado como Escuela de Salud P\u00fablica. En el 1956, asumi\u00f3 el rol primario de adiestrar los recursos humanos necesarios para la implantaci\u00f3n de los servicios regionalizados y la estimaci\u00f3n de necesidades de salud de la comunidad.<\/p>\n<p>&nbsp;<\/p>\n<p>Debido a la excelente contribuci\u00f3n de la Escuela y sus programas de ense\u00f1anza en el desarrollo y organizaci\u00f3n de los servicios de cuidado de la salud en la isla y debido al crecimiento de los programas, el Senado Acad\u00e9mico del Recinto de Ciencias M\u00e9dicas recomend\u00f3 la creaci\u00f3n de la Escuela Graduada de Salud P\u00fablica. El 27 de enero de 1970 el <a title=\"Consejo de Educaci\u00f3n de Puerto Rico\" href=\"https:\/\/agencias.pr.gov\/agencias\/cepr\/inicio\/Pages\/default.aspx\" target=\"_blank\" rel=\"noopener noreferrer\">Consejo de Educaci\u00f3n Superior<\/a> autoriz\u00f3, mediante la Certificaci\u00f3n N\u00famero 42, la creaci\u00f3n de la Escuela Graduada de Salud P\u00fablica del <a title=\"Recinto de Ciencias M\u00e9dicas de la Universidad de Puerto Rico\" href=\"https:\/\/rcm2.rcm.upr.edu\/\" target=\"_blank\" rel=\"noopener noreferrer\">Recinto de Ciencias M\u00e9dicas<\/a> de la Universidad de Puerto Rico.<\/p>\n<p>&nbsp;<\/p>\n<p>Al obtener el status de Facultad independiente, la Escuela contaba con trece programas acad\u00e9micos que reflejaban su filosof\u00eda y sentido de misi\u00f3n. Estos eran ofrecidos por cinco departamentos: el Departamento de Desarrollo Humano; el Departamento de Salud Ambiental; el Departamento de Bioestad\u00edstica, Epidemiolog\u00eda, Demograf\u00eda y Ciencias Sociales; el Departamento de Enfermer\u00eda y el Departamento de Administraci\u00f3n de Salud Comunal.<\/p>\n<p>&nbsp;<\/p>\n<p>En el 1972, el Recinto de Ciencias M\u00e9dicas se mud\u00f3 del viejo edificio de la Escuela de Medicina Tropical a un nuevo edificio de 10 pisos cerca del Hospital Universitario y de otras instituciones de la salud dentro del complejo del Centro M\u00e9dico en R\u00edo Piedras. La Escuela de Salud P\u00fablica se muda a sus nuevas facilidades en dicha estructura.<\/p>\n<p>&nbsp;<\/p>\n<p>En 1976, para cumplir con la Certificaci\u00f3n No.4 del Consejo de Educaci\u00f3n Superior que exig\u00eda una reorganizaci\u00f3n total del Recinto de Ciencias M\u00e9dicas, se propuso una nueva organizaci\u00f3n de la Escuela. Se establecieron los siguientes Departamentos: Departamento de Salud Ambiental, Departamento de Biostad\u00edstica y Epidemiolog\u00eda, Departamento de Ciencias Sociales y Departamento de Administraci\u00f3n. El Departamento de Enfermer\u00eda se convirti\u00f3 en un Departamento de Colegio de Profesiones Relacionadas a la Salud.<\/p>\n<p>&nbsp;<\/p>\n<p>En 1981, siguiendo las recomendaciones de la Facultad, se revis\u00f3 la organizaci\u00f3n de la Escuela para cumplir con su misi\u00f3n y metas y con su compromiso de preparar nuevos profesionales en el campo de la salud p\u00fablica. Se reorganiz\u00f3 la programaci\u00f3n acad\u00e9mica y se crearon cinco departamentos. Esta nueva organizaci\u00f3n refleja m\u00e1s adecuadamente la misi\u00f3n de la Escuela y su car\u00e1cter interdisciplinario. Estos cinco departamentos son:<\/p>\n<ul>\n<li>Departamento de Administraci\u00f3n<\/li>\n<li>Departamento de Bioestad\u00edstica y Epidemiolog\u00eda<\/li>\n<li>Departamento de Ciencias Sociales<\/li>\n<li>Departamento de Desarrollo Humano<\/li>\n<li>Departamento de Salud Ambiental<\/li>\n<\/ul>\n<p>&nbsp;<\/p>\n<p>Los a\u00f1os ochenta fueron una d\u00e9cada de crecimiento y desarrollo de los programas de la Escuela en respuesta a las necesidades sociales y \u00e1reas de preocupaci\u00f3n en el campo de la salud p\u00fablica. Fue un per\u00edodo de desarrollo en las ciencias biosociales, como se evidencia por la creaci\u00f3n del <a title=\"Centro de Datos Censales\" href=\"https:\/\/demografia.rcm.upr.edu\/cdces\/\" target=\"_blank\" rel=\"noopener noreferrer\">Centro de Datos Censales<\/a>, el Centro de Investigaci\u00f3n Sociom\u00e9dica, y el <a title=\"Centro de Investigaci\u00f3n Demogr\u00e1fica\" href=\"https:\/\/demografia.rcm.upr.edu\/cdces\/\" target=\"_blank\" rel=\"noopener noreferrer\">Centro de Investigaci\u00f3n Demogr\u00e1fica<\/a>. En respuesta a las necesidades de la poblaci\u00f3n envejeciente, se establece un programa conducente a un Certificado Graduado en Gerontolog\u00eda.<\/p>\n<p>&nbsp;<\/p>\n<p>La Escuela tambi\u00e9n ha estado comprometida con la comunidad a trav\u00e9s de la <a title=\"Divisi\u00f3n de Educaci\u00f3n Cont\u00ednua y Estudios Profesionales\" href=\"\/division-de-educacion-continua-y-estudios-profesionales\/\" target=\"_blank\" rel=\"noopener noreferrer\">educaci\u00f3n continuada<\/a>, programas y cursos de extensi\u00f3n y extramurales. En el 1984 se establece un programa vespertino conducente al grado de Maestr\u00eda en Ciencias en Salud Ambiental, y en el 1985 se a\u00f1ade un programa de Maestr\u00eda en Salud P\u00fablica. Se comienza un programa extramural con la Universidad de C\u00e1diz en Espa\u00f1a en 1986. En un esfuerzo colaborativo la Facultad ofreci\u00f3 cursos en la Universidad de C\u00e1diz conducentes a las Maestr\u00edas en Salud P\u00fablica y en Salud Ambiental.<\/p>\n<p>&nbsp;<\/p>\n<p>Nuevas ofertas en nuestra programaci\u00f3n acad\u00e9mica incluyen un Certificado Graduado en Deficiencias en el Desarrollo-Intervenci\u00f3n Temprana, ofrecido por el Departamento de Desarrollo Humano. Dicho programa es uno vespertino para facilitar el acceso a los profesionales que trabajan. Durante el a\u00f1o acad\u00e9mico 1996-97 se iniciaron dos nuevos programas vespertinos, un programa de Maestr\u00eda en Salud P\u00fablica con concentraci\u00f3n en Gerontolog\u00eda y un programa de Maestr\u00eda en Educaci\u00f3n en Salud P\u00fablica.<\/p>\n<p>&nbsp;<\/p>\n<p>Durante el 1996, se llevo a cabo una revisi\u00f3n del programa de Maestr\u00eda en Ciencias en Salud Ambiental con concentraci\u00f3n en Salud Ocupacional a tono con la exigencia de la industria y las agencias reglamentadoras. Como resultado de la misma se dise\u00f1o un nuevo programa que otorgar\u00e1 una Maestr\u00eda en Ciencias en Higiene Industrial en sustituci\u00f3n del grado anterior.<\/p>\n<p>&nbsp;<\/p>\n<p>Para el a\u00f1o acad\u00e9mico 1998-99 el Departamento de Desarrollo Humano a\u00f1adi\u00f3 a su oferta curricular dos programas nuevos, uno en Maestr\u00eda en Salud P\u00fablica con especialidad en Enfermer\u00eda-Obstetricia-Partera y el Certificado Graduado en Parter\u00eda para Enfermeras. Estos programas tienen el objetivo de preparar profesionales en el \u00e1rea del cuidado de la mujer antes, durante el embarazo, durante el proceso del parto, as\u00ed como, en planificaci\u00f3n familiar y la atenci\u00f3n al reci\u00e9n nacido.<\/p>\n<p>&nbsp;<\/p>\n<p>En el a\u00f1o acad\u00e9mico 1999-2000, nuestra Facultad a\u00f1adi\u00f3 a su oferta acad\u00e9mica un programa conducente al grado de Doctor en Salud P\u00fablica con especialidad en Salud Ambiental. A esta especialidad se unieron una en An\u00e1lisis de Sistemas de Salud y Gerencia (2011) y otra en Determinantes Sociales de la Salud (2012).[\/vc_column_text][\/vc_column][\/vc_row]<\/p>\n<\/section>","protected":false},"excerpt":{"rendered":"<p>[vc_row][vc_column][vc_column_text]La Escuela de Salud P\u00fablica tuvo sus or\u00edgenes en la Escuela de Medicina Tropical, la cual se fund\u00f3 en el 1923 con el apoyo de la Fundaci\u00f3n Rockefeller y el auspicio de la Universidad de Columbia. La Escuela de Medicina Tropical surgi\u00f3 como centro de investigaci\u00f3n y de estudios post graduados. &nbsp; En el 1941,&hellip;<\/p>\n","protected":false},"author":1,"featured_media":0,"parent":0,"menu_order":0,"comment_status":"closed","ping_status":"closed","template":"template-microsite.php","meta":{"footnotes":""},"class_list":["post-85","page","type-page","status-publish","hentry","description-off"],"jetpack_sharing_enabled":true,"_links":{"self":[{"href":"https:\/\/rcm1.rcm.upr.edu\/sp\/wp-json\/wp\/v2\/pages\/85","targetHints":{"allow":["GET"]}}],"collection":[{"href":"https:\/\/rcm1.rcm.upr.edu\/sp\/wp-json\/wp\/v2\/pages"}],"about":[{"href":"https:\/\/rcm1.rcm.upr.edu\/sp\/wp-json\/wp\/v2\/types\/page"}],"author":[{"embeddable":true,"href":"https:\/\/rcm1.rcm.upr.edu\/sp\/wp-json\/wp\/v2\/users\/1"}],"replies":[{"embeddable":true,"href":"https:\/\/rcm1.rcm.upr.edu\/sp\/wp-json\/wp\/v2\/comments?post=85"}],"version-history":[{"count":0,"href":"https:\/\/rcm1.rcm.upr.edu\/sp\/wp-json\/wp\/v2\/pages\/85\/revisions"}],"wp:attachment":[{"href":"https:\/\/rcm1.rcm.upr.edu\/sp\/wp-json\/wp\/v2\/media?parent=85"}],"curies":[{"name":"wp","href":"https:\/\/api.w.org\/{rel}","templated":true}]}}