{"id":852,"date":"2016-06-23T10:10:36","date_gmt":"2016-06-23T14:10:36","guid":{"rendered":"http:\/\/127.0.0.1\/rcm\/sp\/asuntos-estudiantiles\/"},"modified":"2025-07-03T18:05:42","modified_gmt":"2025-07-03T18:05:42","slug":"asuntos-estudiantiles","status":"publish","type":"page","link":"https:\/\/rcm1.rcm.upr.edu\/sp\/asuntos-estudiantiles\/","title":{"rendered":"Asuntos Estudiantiles"},"content":{"rendered":"<section class=\"wpb-content-wrapper\"><p>[vc_row][vc_column][vc_column_text]<\/p>\n<h3>Misi\u00f3n<\/h3>\n<p>[\/vc_column_text][vc_column_text]Su misi\u00f3n es contribuir en el desarrollo integral de los estudiantes mediante la planificaci\u00f3n, la prestaci\u00f3n y la evaluaci\u00f3n sistem\u00e1tica de los servicios estudiantiles de excelencia. Estos servicios se ofrecen integrados a la docencia para propiciar un clima acad\u00e9mico y de bienestar general que facilite el proceso de ense\u00f1anza-aprendizaje. De esta manera, facilitar que el estudiante logre un mejor ajuste a la vida universitaria, participe activamente en los procesos decisorios del sistema universitario, logre el \u00f3ptimo desarrollo personal, capacit\u00e1ndole para una efectiva participaci\u00f3n en la vida en sociedad.[\/vc_column_text][vc_empty_space][\/vc_column][\/vc_row][vc_row][vc_column][vc_column_text]<\/p>\n<h3><strong>Servicios para Estudiantes<\/strong><\/h3>\n<p>[\/vc_column_text][vc_column_text]El estudiantado de la Escuela Graduada de Salud P\u00fablica tiene acceso a servicios de psicolog\u00eda y consejer\u00eda cognitiva, emocional y acad\u00e9mica a trav\u00e9s del <a href=\"https:\/\/nam02.safelinks.protection.outlook.com\/?url=https%3A%2F%2Frcm1.rcm.upr.edu%2Fconsejeriasicologia%2F&amp;data=05%7C02%7Cosi-webticket.rcm%40upr.edu%7Ca02349b357da45f00f6308dce2466728%7C0dfa5dc0036f461599e494af822f2b84%7C0%7C0%7C638634039214615747%7CUnknown%7CTWFpbGZsb3d8eyJWIjoiMC4wLjAwMDAiLCJQIjoiV2luMzIiLCJBTiI6Ik1haWwiLCJXVCI6Mn0%3D%7C0%7C%7C%7C&amp;sdata=pPEHLB3%2Bk4puFxFg8mleRYvskFOuiMq8JEs9BPLsfAE%3D&amp;reserved=0\">Centro Estudiantil de Consejer\u00eda y Sicolog\u00eda<\/a>\u00a0(CECsi) del Recinto de Ciencias M\u00e9dicas. Para solicitar los servicios, pueden acceder a la informaci\u00f3n a continuaci\u00f3n.[\/vc_column_text][vc_single_image image=&#8221;5663&#8243; img_size=&#8221;full&#8221; alignment=&#8221;center&#8221;][vc_empty_space][\/vc_column][\/vc_row][vc_row][vc_column][vc_column_text]<\/p>\n<h3>Servicios<\/h3>\n<p>[\/vc_column_text][vc_column_text]<\/p>\n<ul>\n<li>Consejer\u00eda personal, acad\u00e9mica y de selecci\u00f3n de carreras.<\/li>\n<li>Asistir a las personas a establecer metas personales, a vencer barreras, tener acceso a los recursos disponibles y a planificar vidas plenas y productivas.<\/li>\n<li>Desarrollar talleres de desarrollo personal.<\/li>\n<li>Orientar sobre derechos de los estudiantes con impedimento y acomodo razonable.<\/li>\n<li>Coordinar con las oficinas de servicio directo al estudiante como: servicios m\u00e9dicos, \u00a0asistencia econ\u00f3mica, calidad de vida, recaudaciones, entre otras.<\/li>\n<li>Coordinar con la Oficina del Recaudador los procesos de matr\u00edcula, bajas, readmisiones, permisos especiales, traslados y otros.<\/li>\n<li>Coordinar con la Oficina de Admisiones los procesos de admisi\u00f3n.<\/li>\n<li>Coordinar con el Decano de Estudiantes las actividades de graduaci\u00f3n del Recinto de Ciencias M\u00e9dicas.<\/li>\n<li>Coordinar la Actividad de Logros de los estudiantes sobresalientes de la Escuela Graduada de Salud P\u00fablica de la Universidad de Puerto Rico.<\/li>\n<li>Coordinar el proceso de promoci\u00f3n y reclutamiento de estudiantes nuevos.<\/li>\n<li>Mantener a los estudiantes informados de lo que pasa en nuestra Escuela y en el Recinto.<\/li>\n<li>Mantenimiento del espacio de Asuntos Estudiantiles en <a title=\"Asuntos Estudiantiles en Facebook\" href=\"https:\/\/www.facebook.com\/asuntos.estudiantiles.sp\" target=\"_blank\" rel=\"noopener noreferrer\">Facebook<\/a>.<\/li>\n<\/ul>\n<p>[\/vc_column_text][vc_empty_space][\/vc_column][\/vc_row][vc_row][vc_column][vc_column_text]<\/p>\n<h3>Personal de la Oficina<\/h3>\n<p>[\/vc_column_text][vc_column_text]<\/p>\n<h4>Dra. Yiselly M. V\u00e1zquez Guzm\u00e1n<\/h4>\n<p><em>Decana Auxiliar para Asuntos Estudiantiles<\/em><br \/>\nCorreo electr\u00f3nico: <a href=\"mailto:yiselly.vazquez@upr.edu\">yiselly.vazquez@upr.edu<\/a>[\/vc_column_text][\/vc_column][\/vc_row]<\/p>\n<\/section>","protected":false},"excerpt":{"rendered":"<p>[vc_row][vc_column][vc_column_text] Misi\u00f3n [\/vc_column_text][vc_column_text]Su misi\u00f3n es contribuir en el desarrollo integral de los estudiantes mediante la planificaci\u00f3n, la prestaci\u00f3n y la evaluaci\u00f3n sistem\u00e1tica de los servicios estudiantiles de excelencia. Estos servicios se ofrecen integrados a la docencia para propiciar un clima acad\u00e9mico y de bienestar general que facilite el proceso de ense\u00f1anza-aprendizaje. De esta manera, facilitar&hellip;<\/p>\n","protected":false},"author":1,"featured_media":0,"parent":0,"menu_order":0,"comment_status":"closed","ping_status":"closed","template":"template-microsite.php","meta":{"footnotes":""},"class_list":["post-852","page","type-page","status-publish","hentry","description-off"],"jetpack_sharing_enabled":true,"_links":{"self":[{"href":"https:\/\/rcm1.rcm.upr.edu\/sp\/wp-json\/wp\/v2\/pages\/852","targetHints":{"allow":["GET"]}}],"collection":[{"href":"https:\/\/rcm1.rcm.upr.edu\/sp\/wp-json\/wp\/v2\/pages"}],"about":[{"href":"https:\/\/rcm1.rcm.upr.edu\/sp\/wp-json\/wp\/v2\/types\/page"}],"author":[{"embeddable":true,"href":"https:\/\/rcm1.rcm.upr.edu\/sp\/wp-json\/wp\/v2\/users\/1"}],"replies":[{"embeddable":true,"href":"https:\/\/rcm1.rcm.upr.edu\/sp\/wp-json\/wp\/v2\/comments?post=852"}],"version-history":[{"count":5,"href":"https:\/\/rcm1.rcm.upr.edu\/sp\/wp-json\/wp\/v2\/pages\/852\/revisions"}],"predecessor-version":[{"id":5763,"href":"https:\/\/rcm1.rcm.upr.edu\/sp\/wp-json\/wp\/v2\/pages\/852\/revisions\/5763"}],"wp:attachment":[{"href":"https:\/\/rcm1.rcm.upr.edu\/sp\/wp-json\/wp\/v2\/media?parent=852"}],"curies":[{"name":"wp","href":"https:\/\/api.w.org\/{rel}","templated":true}]}}