{"id":88,"date":"2016-05-09T14:16:39","date_gmt":"2016-05-09T14:16:39","guid":{"rendered":"http:\/\/127.0.0.1\/rcm\/sp\/asuntos-estudiantiles\/admisiones\/horarios-de-clases\/"},"modified":"2016-05-09T14:16:39","modified_gmt":"2016-05-09T14:16:39","slug":"horarios-de-clases","status":"publish","type":"page","link":"https:\/\/rcm1.rcm.upr.edu\/sp\/asuntos-estudiantiles\/admisiones\/horarios-de-clases\/","title":{"rendered":"Horarios de clases"},"content":{"rendered":"<section class=\"wpb-content-wrapper\"><p>[vc_row][vc_column][vc_column_text]En la Escuela Graduada de Salud P\u00fablica el a\u00f1o acad\u00e9mico est\u00e1 dividido en trimestres de doce (12) semanas de duraci\u00f3n y un verano de seis (6) semanas. Las clases para los programas diurnos se ofrecen de lunes a viernes a partir de las 7:00 a.m. y para los programas vespertinos a partir de las 5:00pm con excepci\u00f3n del Programa de Maestr\u00eda en Administraci\u00f3n de Servicios de Salud que es a partir de las 4:00pm. La mayor\u00eda de los cursos se ofrecen dentro de esos d\u00edas, aunque esto puede variar dependiendo de la disponibilidad de los recursos.<\/p>\n<p>&nbsp;<\/p>\n<p>No obstante algunos programas vespertinos pueden tener experiencias que se realicen en horario diurno (ej. pr\u00e1cticas, internados o laboratorios de comunidad).[\/vc_column_text][\/vc_column][\/vc_row]<\/p>\n<\/section>","protected":false},"excerpt":{"rendered":"<p>[vc_row][vc_column][vc_column_text]En la Escuela Graduada de Salud P\u00fablica el a\u00f1o acad\u00e9mico est\u00e1 dividido en trimestres de doce (12) semanas de duraci\u00f3n y un verano de seis (6) semanas. Las clases para los programas diurnos se ofrecen de lunes a viernes a partir de las 7:00 a.m. y para los programas vespertinos a partir de las 5:00pm&hellip;<\/p>\n","protected":false},"author":1,"featured_media":0,"parent":205,"menu_order":0,"comment_status":"closed","ping_status":"closed","template":"template-microsite.php","meta":{"footnotes":""},"class_list":["post-88","page","type-page","status-publish","hentry","description-off"],"jetpack_sharing_enabled":true,"_links":{"self":[{"href":"https:\/\/rcm1.rcm.upr.edu\/sp\/wp-json\/wp\/v2\/pages\/88","targetHints":{"allow":["GET"]}}],"collection":[{"href":"https:\/\/rcm1.rcm.upr.edu\/sp\/wp-json\/wp\/v2\/pages"}],"about":[{"href":"https:\/\/rcm1.rcm.upr.edu\/sp\/wp-json\/wp\/v2\/types\/page"}],"author":[{"embeddable":true,"href":"https:\/\/rcm1.rcm.upr.edu\/sp\/wp-json\/wp\/v2\/users\/1"}],"replies":[{"embeddable":true,"href":"https:\/\/rcm1.rcm.upr.edu\/sp\/wp-json\/wp\/v2\/comments?post=88"}],"version-history":[{"count":0,"href":"https:\/\/rcm1.rcm.upr.edu\/sp\/wp-json\/wp\/v2\/pages\/88\/revisions"}],"up":[{"embeddable":true,"href":"https:\/\/rcm1.rcm.upr.edu\/sp\/wp-json\/wp\/v2\/pages\/205"}],"wp:attachment":[{"href":"https:\/\/rcm1.rcm.upr.edu\/sp\/wp-json\/wp\/v2\/media?parent=88"}],"curies":[{"name":"wp","href":"https:\/\/api.w.org\/{rel}","templated":true}]}}