{"id":91,"date":"2016-05-09T14:16:39","date_gmt":"2016-05-09T14:16:39","guid":{"rendered":"http:\/\/127.0.0.1\/rcm\/sp\/asuntos-estudiantiles\/admisiones\/informacion-sobre-el-examen-de-ingreso\/"},"modified":"2016-05-09T14:16:39","modified_gmt":"2016-05-09T14:16:39","slug":"informacion-sobre-el-examen-de-ingreso","status":"publish","type":"page","link":"https:\/\/rcm1.rcm.upr.edu\/sp\/asuntos-estudiantiles\/admisiones\/informacion-sobre-el-examen-de-ingreso\/","title":{"rendered":"Informaci\u00f3n sobre el examen de ingreso"},"content":{"rendered":"<section class=\"wpb-content-wrapper\"><p>[vc_row][vc_column][vc_column_text]La Escuela Graduada de Salud P\u00fablica como requisito de admisi\u00f3n a sus programas que los\/las candidatos\/as tomen el Examen de Admisi\u00f3n a Estudios de Posgrado (EXADEP) o el Graduate Record Examinations (GRE).<\/p>\n<p>&nbsp;<\/p>\n<p>Estos ex\u00e1menes se ofrecen varias veces durante el a\u00f1o por lo que queda a discreci\u00f3n del\/la solicitante cu\u00e1l examen tomar y la fecha m\u00e1s conveniente. Para que el resultado de la prueba tomada sea v\u00e1lido, no debe haber transcurrido m\u00e1s de cinco\u00a0a\u00f1os a partir de la fecha en que se tom\u00f3.<\/p>\n<p>&nbsp;<\/p>\n<p>Es altamente recomendable que los\/las candidatos\/as provenientes del extranjero hagan las gestiones para tomar el ex\u00e1men de admisi\u00f3n EXADEP con la Educational Testing Service de Puerto Rico o el GRE. La Educational Testing Service ofrece la alternativa de enviar el examen al pa\u00eds donde reside el solicitante. Para cualificar dentro de esta opci\u00f3n debe hacer los arreglos con suficiente tiempo de antelaci\u00f3n.<\/p>\n<p>&nbsp;<\/p>\n<p>Se requiere que los\/las solicitante tomen la prueba de admisi\u00f3n EXADEP o GRE en o antes de la fecha l\u00edmite de admisi\u00f3n. Los resultados de las pruebas \u00a0tardan de 5 a 6 semanas en llegar a la Escuela, por lo tanto se recomienda tomen un examen con fecha anterior.<\/p>\n<p>&nbsp;<\/p>\n<p><strong>Para informaci\u00f3n adicional sobre el examen de ingreso EXADEP:<\/strong><\/p>\n<p>Educational Testing Services<br \/>\nAmerican International Plaza<br \/>\n250 Ave. Mu\u00f1oz Rivera<br \/>\nPiso 3, Suite 315<br \/>\nHato Rey, PR 00918<br \/>\nTel\u00e9fono: 787.753.6363<\/p>\n<p>&nbsp;<\/p>\n<p><strong>Para informaci\u00f3n adicional sobre el examen de ingreso GRE puede visitar su p\u00e1gina electr\u00f3nica en <a title=\"GRE\" href=\"https:\/\/www.ets.org:443\/gre\" target=\"_blank\" rel=\"noopener noreferrer\">Educational Testing Services.<\/a><\/strong><\/p>\n<p>&nbsp;<\/p>\n<p>PROMETRIC TEST CENTER<br \/>\nMetro Square Bldg.<br \/>\nSuite 114 Street 1<br \/>\nMetro Office Park<br \/>\nGuaynabo, PR 00968-1705<br \/>\nTel\u00e9fono: 787.706.7620\/7640<br \/>\n1.800.967.1100<\/p>\n<p><a href=\"https:\/\/www.prometric.com\/\" target=\"_blank\" rel=\"noopener noreferrer\">https:\/\/www.prometric.com\/<\/a>[\/vc_column_text][\/vc_column][\/vc_row]<\/p>\n<\/section>","protected":false},"excerpt":{"rendered":"<p>[vc_row][vc_column][vc_column_text]La Escuela Graduada de Salud P\u00fablica como requisito de admisi\u00f3n a sus programas que los\/las candidatos\/as tomen el Examen de Admisi\u00f3n a Estudios de Posgrado (EXADEP) o el Graduate Record Examinations (GRE). &nbsp; Estos ex\u00e1menes se ofrecen varias veces durante el a\u00f1o por lo que queda a discreci\u00f3n del\/la solicitante cu\u00e1l examen tomar y la&hellip;<\/p>\n","protected":false},"author":1,"featured_media":0,"parent":205,"menu_order":0,"comment_status":"closed","ping_status":"closed","template":"template-microsite.php","meta":{"footnotes":""},"class_list":["post-91","page","type-page","status-publish","hentry","description-off"],"jetpack_sharing_enabled":true,"_links":{"self":[{"href":"https:\/\/rcm1.rcm.upr.edu\/sp\/wp-json\/wp\/v2\/pages\/91","targetHints":{"allow":["GET"]}}],"collection":[{"href":"https:\/\/rcm1.rcm.upr.edu\/sp\/wp-json\/wp\/v2\/pages"}],"about":[{"href":"https:\/\/rcm1.rcm.upr.edu\/sp\/wp-json\/wp\/v2\/types\/page"}],"author":[{"embeddable":true,"href":"https:\/\/rcm1.rcm.upr.edu\/sp\/wp-json\/wp\/v2\/users\/1"}],"replies":[{"embeddable":true,"href":"https:\/\/rcm1.rcm.upr.edu\/sp\/wp-json\/wp\/v2\/comments?post=91"}],"version-history":[{"count":0,"href":"https:\/\/rcm1.rcm.upr.edu\/sp\/wp-json\/wp\/v2\/pages\/91\/revisions"}],"up":[{"embeddable":true,"href":"https:\/\/rcm1.rcm.upr.edu\/sp\/wp-json\/wp\/v2\/pages\/205"}],"wp:attachment":[{"href":"https:\/\/rcm1.rcm.upr.edu\/sp\/wp-json\/wp\/v2\/media?parent=91"}],"curies":[{"name":"wp","href":"https:\/\/api.w.org\/{rel}","templated":true}]}}