{"id":93,"date":"2016-05-09T14:16:39","date_gmt":"2016-05-09T14:16:39","guid":{"rendered":"http:\/\/127.0.0.1\/rcm\/sp\/sobre-la-egsp\/iniciativas-internacionales\/"},"modified":"2016-05-09T14:16:39","modified_gmt":"2016-05-09T14:16:39","slug":"iniciativas-internacionales","status":"publish","type":"page","link":"https:\/\/rcm1.rcm.upr.edu\/sp\/iniciativas-internacionales\/","title":{"rendered":"Iniciativas Internacionales"},"content":{"rendered":"<section class=\"wpb-content-wrapper\"><p>[vc_row][vc_column][vc_column_text]<\/p>\n<h3>Oficina de Coordinaci\u00f3n, Consorcio Interamericano de Universidades y Centros de Formaci\u00f3n de Personal en Educaci\u00f3n para la Salud y Promoci\u00f3n de la Salud (CIUEPS)<\/h3>\n<p>&nbsp;<\/p>\n<p>El Consorcio Interamericano de Universidades y Centros de Formaci\u00f3n de Personal en Educaci\u00f3n para la Salud y Promoci\u00f3n de la Salud es una iniciativa del Departamento de Ciencias Sociales de la Escuela Graduada de Salud P\u00fablica y la Organizaci\u00f3n Panamericana de la Salud. Este organismo fue creado en el 1996 y desde sus inicios hasta el presente la oficina sede del Consorcio est\u00e1 ubicada en el Departamento de Ciencias Sociales, Escuela Graduada de Salud P\u00fablica.<\/p>\n<p>&nbsp;<\/p>\n<p>El consorcio est\u00e1 constituido como una red de instituciones que persigue fortalecer los v\u00ednculos, la cooperaci\u00f3n, la solidaridad y las relaciones de colaboraci\u00f3n e intercambio acad\u00e9mico entre las instituciones miembros para la formaci\u00f3n de personal en educaci\u00f3n para la salud y promoci\u00f3n de la salud. Se visualiza como un foro activo de discusi\u00f3n sobre los planes de estudios vigentes en la formaci\u00f3n de personal en educaci\u00f3n para la salud y promoci\u00f3n de la salud y un propulsor de acciones conjuntas dirigidas a estimular y mejorar el desarrollo te\u00f3rico, metodol\u00f3gico, la pr\u00e1ctica de la ense\u00f1anza y la investigaci\u00f3n en este campo, en la Regi\u00f3n de las Am\u00e9ricas. El Consorcio promover\u00e1 la integraci\u00f3n de varios tipos de conocimientos y experiencias y servir\u00e1 como organismo intercesor o defensor en \u00e1reas que contribuyan a mejorar la salud de la poblaci\u00f3n.[\/vc_column_text][vc_empty_space][vc_column_text]<\/p>\n<h3><\/h3>\n<h3>Oficina Regional Latinoamericana, Uni\u00f3n Internacional de Promoci\u00f3n de la Salud y Educaci\u00f3n para la Salud (UIPES)<\/h3>\n<p>&nbsp;<\/p>\n<p>El Departamento de Ciencias Sociales de la Escuela Graduada de Salud P\u00fablica es la sede de la Oficina Regional Latinoamericana de la Uni\u00f3n Internacional de Promoci\u00f3n de la Salud y Educaci\u00f3n para la Salud (UIPES).<\/p>\n<p>&nbsp;<\/p>\n<p>La UIPES es una organizaci\u00f3n mundial de salud, compuesta de profesionales e instituciones cuya fundaci\u00f3n ocurre en el 1951 con sede global en Par\u00eds, Francia. Su misi\u00f3n es mejorar la salud de la poblaci\u00f3n del mundo mediante la educaci\u00f3n, la acci\u00f3n comunitaria y el desarrollo de pol\u00edticas p\u00fablicas favorables a la salud. Es la principal organizaci\u00f3n mundial de salud de car\u00e1cter no gubernamental, en el \u00e1mbito de la promoci\u00f3n de la salud y educaci\u00f3n para la salud. Colabora con la Organizaci\u00f3n Mundial de la Salud, la UNESCO y la UNICEF y con otras entidades mundiales con el fin de influenciar y facilitar el desarrollo de estrategias y proyectos de promoci\u00f3n de la salud.[\/vc_column_text][\/vc_column][\/vc_row]<\/p>\n<\/section>","protected":false},"excerpt":{"rendered":"<p>[vc_row][vc_column][vc_column_text] Oficina de Coordinaci\u00f3n, Consorcio Interamericano de Universidades y Centros de Formaci\u00f3n de Personal en Educaci\u00f3n para la Salud y Promoci\u00f3n de la Salud (CIUEPS) &nbsp; El Consorcio Interamericano de Universidades y Centros de Formaci\u00f3n de Personal en Educaci\u00f3n para la Salud y Promoci\u00f3n de la Salud es una iniciativa del Departamento de Ciencias Sociales&hellip;<\/p>\n","protected":false},"author":1,"featured_media":0,"parent":0,"menu_order":0,"comment_status":"closed","ping_status":"closed","template":"template-microsite.php","meta":{"footnotes":""},"class_list":["post-93","page","type-page","status-publish","hentry","description-off"],"jetpack_sharing_enabled":true,"_links":{"self":[{"href":"https:\/\/rcm1.rcm.upr.edu\/sp\/wp-json\/wp\/v2\/pages\/93","targetHints":{"allow":["GET"]}}],"collection":[{"href":"https:\/\/rcm1.rcm.upr.edu\/sp\/wp-json\/wp\/v2\/pages"}],"about":[{"href":"https:\/\/rcm1.rcm.upr.edu\/sp\/wp-json\/wp\/v2\/types\/page"}],"author":[{"embeddable":true,"href":"https:\/\/rcm1.rcm.upr.edu\/sp\/wp-json\/wp\/v2\/users\/1"}],"replies":[{"embeddable":true,"href":"https:\/\/rcm1.rcm.upr.edu\/sp\/wp-json\/wp\/v2\/comments?post=93"}],"version-history":[{"count":0,"href":"https:\/\/rcm1.rcm.upr.edu\/sp\/wp-json\/wp\/v2\/pages\/93\/revisions"}],"wp:attachment":[{"href":"https:\/\/rcm1.rcm.upr.edu\/sp\/wp-json\/wp\/v2\/media?parent=93"}],"curies":[{"name":"wp","href":"https:\/\/api.w.org\/{rel}","templated":true}]}}