{"id":944,"date":"2016-07-06T08:45:27","date_gmt":"2016-07-06T12:45:27","guid":{"rendered":"http:\/\/127.0.0.1\/rcm\/sp\/asuntos-academicos\/departamentos-academicos\/departamento-de-administracion-de-servicios-de-salud\/mhsa\/mhsa_faculty\/faculty-publications\/"},"modified":"2016-07-06T08:45:27","modified_gmt":"2016-07-06T12:45:27","slug":"research-activity","status":"publish","type":"page","link":"https:\/\/rcm1.rcm.upr.edu\/sp\/mhsa_faculty\/research-activity\/","title":{"rendered":"Research Activity"},"content":{"rendered":"<section class=\"wpb-content-wrapper\"><p>[vc_row][vc_column width=&#8221;2\/3&#8243;][vc_column_text]<\/p>\n<h3>Faculty: Roberto Ram\u00edrez Garc\u00eda<\/h3>\n<h5>Publications<\/h5>\n<p><strong>Garc\u00eda-Ram\u00edrez, Roberto<\/strong> (2021), \u201cHow Program Values Drive Student Response to COVID-19,\u201d White Paper by invitation from CAHME in Healthcare Management Competencies Around the Globe: Responses to COVID. Web-Version March 16, 2021.<\/p>\n<h5>Presentations<\/h5>\n<p><strong>Ram\u00edrez Garc\u00eda, Roberto<\/strong>, September 24, 2020, 7:00 PM, Global Shapers-San Juan HUB, \u201cSalud y Pol\u00edtica P\u00fablica\u201d. World Economic Forum, Facebook Live.<\/p>\n<p><strong>Ram\u00edrez-Garc\u00eda, Roberto<\/strong> (2021), \u201cHow Program Values Drive Student Response to COVID-19,\u201d White Paper by invitation from CAHME in Healthcare Management Competencies Around the Globe: Responses to COVID. March, 2021.\u00a0 Presented at the 2021 ACHE Congress on Healthcare Leadership, March 22-26, 2021, Chicago, Illinois (USA).<\/p>\n<h3>Faculty: Roberto E. Torres Zeno<\/h3>\n<h5>Publications<\/h5>\n<p>Textbook published by <strong>Roberto E. Torres-Zeno<\/strong>:<em> Planificaci\u00f3n de Servicios de Salud: Principios, M\u00e9todos y Aplicaciones (translated in English as Health Services Planning: Principles, Methods and Applications<\/em>), San Juan, Puerto Rico: Editorial Publicaciones Puertorrique\u00f1as, 443 pgs. (2021).<\/p>\n<h5>Presentations<\/h5>\n<p>Poster Presentation:\u00a0 Cross-Cultural Adaptation of the Survey on Working Conditions, Employment, and Health in the aftermath of Hurricanes Irma and Maria in Puerto Rico (PI: Almod\u00f3var). Israel Almod\u00f3var-Rivera, Ana Mulero-Portela, Ruth R\u00edos-Motta, Rosa Rosario-Rosado, <strong>Roberto Torres-Zeno<\/strong>, Lida Orta-An\u00e9s.\u00a0 Febrero 25-29, 2020, University of Birmingham-Alabama, Southeast Regional Research Symposium. (SERRS), University of South Florida<\/p>\n<h5>Others<\/h5>\n<ol>\n<li><strong> Torres Zeno<\/strong>, Manuscript Reviewer for <em>Journal of Public Health Issues<\/em> <em>and Practices<\/em> and <em>Women\u2019s Health Journal.<\/em><\/li>\n<li><strong> Torres Zeno<\/strong>, Abstract Evaluator for 2020 Research and Education Forum Conference, RCM, UPR.<\/li>\n<\/ol>\n<h3>FACULTY: Heriberto Mar\u00edn Centeno<\/h3>\n<h5>Publications<\/h5>\n<p>Holladay, P, Mendez-Lazaro, P, <strong>Marin-Centeno, H<\/strong>, Rivera-Guti\u00e9rrez, R, Adams, K, Brundiers, K. \u201cUtuado, Puerto Rico and Community Resilience Post-Hurricane Maria: The Case of Tetu\u00e1n Reborn.\u201d <em>Recreation, Parks, and Tourism in Public Health<\/em>, Vol. 3, 5-15, 2019. DOI:<a href=\"https:\/\/www.jstor.org\/stable\/10.2979\/rptph.3.1.02\">10.2979\/rptph.3.1.02<\/a><\/p>\n<p><strong>Mar\u00edn-Centeno, Heriberto, <\/strong>Su\u00e1rez, Erick et al. \u201cStudy of Health in Puerto Rico: Analysis for the Formulation of the Strategic Plan 2022-2026. Departamento de Salud de Puerto Rico (2021). (Monograph)<\/p>\n<p><strong>Mar\u00edn Centeno, H.<\/strong> \u201cDynamic Association Between Community Mobility Trends and Incidence Rate of COVID19: An International Comparison Using a Dynamic Panel Data Econometric Model.\u201d Report Submitted to the National Medical and Economic Task Forces for COVID-19 in Puerto Rico. May 18, 2020. (Monograph)<\/p>\n<p><strong>Mar\u00edn Centeno, H<\/strong>. \u201cPotential Economic Impact of the COVID-19 Epidemic and Quarantine Implementation in Puerto Rico,\u201d Commissioned by the PR National COVID-19 Medical Task Force, March 31, 2020. (Monograph)<\/p>\n<h5>Presentations<\/h5>\n<p>\u201cDeveloping and Implementing a Community-Based Primary Health Care Model with Community Health Promoters for the Otoao communities in Utuado,\u201d Puerto Rico, 2019 American Public Health Association Annual Meeting and Expo, November 2-6, 2019, Philadelphia, PA (USA).<\/p>\n<h3>FACULTY: Dharma V\u00e1zquez Torres<\/h3>\n<h5>Competitive Grants<\/h5>\n<p><strong>Dharma V\u00e1zquez Torres,<\/strong> U1QHP33083 Puerto Rico Geriatrics Workforce Enhancement\u00a0\u00a0$750,000 cada a\u00f1o por 5 a\u00f1os\u00a0(HRSA)<\/p>\n<p><strong>Dharma V\u00e1zquez Torres<\/strong>,T1MHP39041\u00a0Puerto Rico Geriatrics Workforce Enhancement COVID, $9,000\u00a0(HRSA)<\/p>\n<p><strong>Dharma V\u00e1zquez Torres,<\/strong> TeleMedicine Emergency Room Facilities $1.7 millions\u00a0(Puerto Rico Department of Health)<\/p>\n<p><strong>Dharma V\u00e1zquez Torres,<\/strong> TeleMedicine Emergency Management $2.6 millions (Puerto Rico Department of Health)<\/p>\n<h3>FACULTY: Jos\u00e9 P\u00e9rez D\u00edaz<\/h3>\n<h5>Publications<\/h5>\n<p>Abstract: <strong>P\u00e9rez D\u00edaz, J.,<\/strong> Cruz, Christian, \u201cAn\u00e1lisis Computacional y Territorial del Sistema de Salud de Puerto Rico\u201d, Puerto Rico Health Sciences Journal, Volume 38, Number 1(Supplement), March 2019. 39th Annual Research and Education Forum: From Campus to Community: Challenges, Responses and Reconstruction, University of Puerto Rico Medical Sciences Campus, Abstract 1418 (Poster Presentation).<\/p>\n<p>Abstract (in press): <strong>P\u00e9rez, D\u00edaz, J.<\/strong> \u201cEl COVID-19 y los Cambios Estructurales No Tradicionales en el Sistema de Salud de PR\u201d,\u00a0 May 17-28, 2021. 41th Annual Research and Education Forum: Pandemic Times in Health Sciences (Poster Presentation).<\/p>\n<h5>Newspaper Publications<\/h5>\n<ol>\n<li><strong>P\u00e9rez D\u00edaz Jos\u00e9<\/strong>, \u201cNuestra Universidad de Puerto Rico para 2021\u201d, El Nuevo D\u00eda, January 12, 2021.<\/li>\n<li><strong>P\u00e9rez D\u00edaz Jos\u00e9<\/strong>, \u201cNuestro Sistema Social para 2021\u201d, El Nuevo D\u00eda, January 12, 2021.<\/li>\n<li><strong>P\u00e9rez D\u00edaz Jos\u00e9<\/strong>, \u201cUna Receta para Vencer al COVID-19\u201d, El Nuevo D\u00eda, December 1, 2020.<\/li>\n<li><strong>P\u00e9rez D\u00edaz Jos\u00e9<\/strong>, \u201cEl Valor de los Actuarios para Puerto Rico\u201d, El Nuevo D\u00eda, November 29, 2020.<\/li>\n<li><strong>P\u00e9rez D\u00edaz Jos\u00e9<\/strong>, \u201cUna Estrella Resplandeciente Contra el COVID-19\u201d, El Nuevo D\u00eda, November 25, 2020.<\/li>\n<\/ol>\n<h5>Presentations<\/h5>\n<p><strong>P\u00e9rez D\u00edaz, J.,<\/strong> Cruz, C. \u201cAn\u00e1lisis Computacional y Territorial del Sistema de Salud de Puerto Rico\u201d, Puerto Rico Health Sciences Journal, Volume 38, Number 1(Supplement), March 2019. 39th Annual Research and Education Forum: From Campus to Community: Challenges, Responses and Reconstruction, University of Puerto Rico Medical Sciences Campus, Abstract 1418. (Poster).<\/p>\n<p><strong>P\u00e9rez D\u00edaz, J.,<\/strong> \u201cEl COVID-19 y los Cambios Estructurales No Tradicionales en el Sistema de Salud de PR\u201d,\u00a0 May 17-28, 2021. 41th Annual Research and Education Forum: Pandemic Times in Health Sciences.[\/vc_column_text][\/vc_column][vc_column width=&#8221;1\/3&#8243;][vc_wp_custommenu nav_menu=&#8221;18&#8243;][\/vc_column][\/vc_row]<\/p>\n<\/section>","protected":false},"excerpt":{"rendered":"<p>[vc_row][vc_column width=&#8221;2\/3&#8243;][vc_column_text] Faculty: Roberto Ram\u00edrez Garc\u00eda Publications Garc\u00eda-Ram\u00edrez, Roberto (2021), \u201cHow Program Values Drive Student Response to COVID-19,\u201d White Paper by invitation from CAHME in Healthcare Management Competencies Around the Globe: Responses to COVID. Web-Version March 16, 2021. Presentations Ram\u00edrez Garc\u00eda, Roberto, September 24, 2020, 7:00 PM, Global Shapers-San Juan HUB, \u201cSalud y Pol\u00edtica P\u00fablica\u201d.&hellip;<\/p>\n","protected":false},"author":1,"featured_media":0,"parent":947,"menu_order":0,"comment_status":"closed","ping_status":"closed","template":"template-microsite.php","meta":{"footnotes":""},"class_list":["post-944","page","type-page","status-publish","hentry","description-off"],"jetpack_sharing_enabled":true,"_links":{"self":[{"href":"https:\/\/rcm1.rcm.upr.edu\/sp\/wp-json\/wp\/v2\/pages\/944","targetHints":{"allow":["GET"]}}],"collection":[{"href":"https:\/\/rcm1.rcm.upr.edu\/sp\/wp-json\/wp\/v2\/pages"}],"about":[{"href":"https:\/\/rcm1.rcm.upr.edu\/sp\/wp-json\/wp\/v2\/types\/page"}],"author":[{"embeddable":true,"href":"https:\/\/rcm1.rcm.upr.edu\/sp\/wp-json\/wp\/v2\/users\/1"}],"replies":[{"embeddable":true,"href":"https:\/\/rcm1.rcm.upr.edu\/sp\/wp-json\/wp\/v2\/comments?post=944"}],"version-history":[{"count":0,"href":"https:\/\/rcm1.rcm.upr.edu\/sp\/wp-json\/wp\/v2\/pages\/944\/revisions"}],"up":[{"embeddable":true,"href":"https:\/\/rcm1.rcm.upr.edu\/sp\/wp-json\/wp\/v2\/pages\/947"}],"wp:attachment":[{"href":"https:\/\/rcm1.rcm.upr.edu\/sp\/wp-json\/wp\/v2\/media?parent=944"}],"curies":[{"name":"wp","href":"https:\/\/api.w.org\/{rel}","templated":true}]}}